{"id":2568,"date":"2023-09-09T08:24:56","date_gmt":"2023-09-09T06:24:56","guid":{"rendered":"https:\/\/yvi-tschischka.de\/?post_type=product&#038;p=2568"},"modified":"2024-04-16T00:05:32","modified_gmt":"2024-04-15T22:05:32","slug":"lightroom-presets-green","status":"publish","type":"product","link":"https:\/\/yvi-tschischka.de\/index.php\/produkt\/lightroom-presets-green\/","title":{"rendered":"Lightroom Presets Green"},"content":{"rendered":"","protected":false},"excerpt":{"rendered":"<p>Du hast Probleme die Gr\u00fcnt\u00f6ne in deinen Bildern anzupassen? Dann habe ich hier die optimale L\u00f6sung f\u00fcr dich! Mit meinen Green Presets kannst du deine Gr\u00fcnt\u00f6ne in verschiedene Farbrichtungen ver\u00e4ndern.<\/p>\n<p>Meine Lightroom Presets nutze ich vor allem zur Grundoptimierung der Fotos, die meine Kunden in ihrer Vorschaugalerie sehen werden. Diese erste Optimierung ist eine tolle Grundlage f\u00fcr die sp\u00e4tere Bearbeitung in Photoshop und eine super Erg\u00e4nzung zu meinen\u00a0<a href=\"http:\/\/yvi-tschischka.de\/index.php\/produkt\/photoshop-aktionen\/\" target=\"_blank\" rel=\"noopener noreferrer\">Photoshop Aktionen<\/a>! Also der Grundstein meiner Bildbearbeitung!<\/p>\n<p>Das Bundle enth\u00e4lt 15 Presets in diversen Gr\u00fcnt\u00f6nen f\u00fcr ganz unterschiedliche Licht- und Farbverh\u00e4ltnisse.<\/p>\n<p>&nbsp;<\/p>\n[video width=\"1920\" height=\"1080\" mp4=\"http:\/\/yvi-tschischka.de\/wp-content\/uploads\/2023\/09\/Mein-Film-6.mp4\"][\/video]\n<p>&nbsp;<\/p>\n","protected":false},"featured_media":2569,"comment_status":"open","ping_status":"closed","template":"","meta":{"_links_to":"","_links_to_target":""},"product_cat":[17],"product_tag":[],"class_list":["post-2568","product","type-product","status-publish","has-post-thumbnail","hentry","product_cat-unkategorisiert"],"jetpack_sharing_enabled":true,"_links":{"self":[{"href":"https:\/\/yvi-tschischka.de\/index.php\/wp-json\/wp\/v2\/product\/2568","targetHints":{"allow":["GET"]}}],"collection":[{"href":"https:\/\/yvi-tschischka.de\/index.php\/wp-json\/wp\/v2\/product"}],"about":[{"href":"https:\/\/yvi-tschischka.de\/index.php\/wp-json\/wp\/v2\/types\/product"}],"replies":[{"embeddable":true,"href":"https:\/\/yvi-tschischka.de\/index.php\/wp-json\/wp\/v2\/comments?post=2568"}],"wp:featuredmedia":[{"embeddable":true,"href":"https:\/\/yvi-tschischka.de\/index.php\/wp-json\/wp\/v2\/media\/2569"}],"wp:attachment":[{"href":"https:\/\/yvi-tschischka.de\/index.php\/wp-json\/wp\/v2\/media?parent=2568"}],"wp:term":[{"taxonomy":"product_cat","embeddable":true,"href":"https:\/\/yvi-tschischka.de\/index.php\/wp-json\/wp\/v2\/product_cat?post=2568"},{"taxonomy":"product_tag","embeddable":true,"href":"https:\/\/yvi-tschischka.de\/index.php\/wp-json\/wp\/v2\/product_tag?post=2568"}],"curies":[{"name":"wp","href":"https:\/\/api.w.org\/{rel}","templated":true}]}}