{"id":2452,"date":"2022-12-16T17:34:07","date_gmt":"2022-12-16T16:34:07","guid":{"rendered":"https:\/\/yvi-tschischka.de\/?post_type=product&#038;p=2452"},"modified":"2024-04-16T00:05:32","modified_gmt":"2024-04-15T22:05:32","slug":"lightroom-presets-moody-pastell","status":"publish","type":"product","link":"https:\/\/yvi-tschischka.de\/index.php\/produkt\/lightroom-presets-moody-pastell\/","title":{"rendered":"Lightroom Presets Moody Pastell"},"content":{"rendered":"","protected":false},"excerpt":{"rendered":"<p>Diese Presets sind ein Moody-Pastell-Special \u2013 mit ihnen k\u00f6nnt ihr super easy mit nur einem Klick verschiedenste Farbstimmungen in eure Bilder zaubern!<\/p>\n<p>Meine Lightroom Presets nutze ich vor allem zur Grundoptimierung der Fotos, die meine Kunden in ihrer Vorschaugalerie sehen werden. Diese erste Optimierung ist eine tolle Grundlage f\u00fcr die sp\u00e4tere Bearbeitung in Photoshop und eine super Erg\u00e4nzung zu meinen\u00a0<a href=\"http:\/\/yvi-tschischka.de\/index.php\/produkt\/photoshop-aktionen\/\" target=\"_blank\" rel=\"noopener noreferrer\">Photoshop Aktionen<\/a>! Also der Grundstein meiner Bildbearbeitung!<\/p>\n<p>Das Bundle enth\u00e4lt 15 Presets in verschiedenen Pastellt\u00f6nen f\u00fcr ganz unterschiedliche Licht- und Farbverh\u00e4ltnisse.<\/p>\n<p>Im Download sind 2(!) Versionen der Presets vorhanden. Nutzt du Lightroom CC, nutze die Dateien aus &#8222;LR_CC&#8220;.<br \/>\nNutzt du eine \u00e4ltere Lightroomversion (zb. Lightroom 6), dann nutze die Dateien aus &#8222;alte_Versionen&#8220;.<\/p>\n","protected":false},"featured_media":2453,"comment_status":"open","ping_status":"closed","template":"","meta":{"_links_to":"","_links_to_target":""},"product_cat":[17],"product_tag":[],"class_list":["post-2452","product","type-product","status-publish","has-post-thumbnail","hentry","product_cat-unkategorisiert"],"jetpack_sharing_enabled":true,"_links":{"self":[{"href":"https:\/\/yvi-tschischka.de\/index.php\/wp-json\/wp\/v2\/product\/2452","targetHints":{"allow":["GET"]}}],"collection":[{"href":"https:\/\/yvi-tschischka.de\/index.php\/wp-json\/wp\/v2\/product"}],"about":[{"href":"https:\/\/yvi-tschischka.de\/index.php\/wp-json\/wp\/v2\/types\/product"}],"replies":[{"embeddable":true,"href":"https:\/\/yvi-tschischka.de\/index.php\/wp-json\/wp\/v2\/comments?post=2452"}],"wp:featuredmedia":[{"embeddable":true,"href":"https:\/\/yvi-tschischka.de\/index.php\/wp-json\/wp\/v2\/media\/2453"}],"wp:attachment":[{"href":"https:\/\/yvi-tschischka.de\/index.php\/wp-json\/wp\/v2\/media?parent=2452"}],"wp:term":[{"taxonomy":"product_cat","embeddable":true,"href":"https:\/\/yvi-tschischka.de\/index.php\/wp-json\/wp\/v2\/product_cat?post=2452"},{"taxonomy":"product_tag","embeddable":true,"href":"https:\/\/yvi-tschischka.de\/index.php\/wp-json\/wp\/v2\/product_tag?post=2452"}],"curies":[{"name":"wp","href":"https:\/\/api.w.org\/{rel}","templated":true}]}}