{"id":2334,"date":"2022-05-27T17:45:30","date_gmt":"2022-05-27T15:45:30","guid":{"rendered":"https:\/\/yvi-tschischka.de\/?post_type=product&#038;p=2334"},"modified":"2024-04-16T00:05:32","modified_gmt":"2024-04-15T22:05:32","slug":"lightroom-presets-brown-mobile","status":"publish","type":"product","link":"https:\/\/yvi-tschischka.de\/index.php\/produkt\/lightroom-presets-brown-mobile\/","title":{"rendered":"Lightroom Presets Brown (Mobile)"},"content":{"rendered":"","protected":false},"excerpt":{"rendered":"<p>Diese Presets sind ein Brown-Special \u2013 mit ihnen k\u00f6nnt ihr super easy mit nur einem Klick br\u00e4unliche Farbstimmungen in eure Bilder zaubern!<\/p>\n<p>Das Bundle enth\u00e4lt 15 Presets in diversen Braunt\u00f6nen f\u00fcr ganz unterschiedliche Licht- und Farbverh\u00e4ltnisse.<\/p>\n<p>Diese Presets sind f\u00fcr die Mobile Lightroom Version auf eurem Handy. Mit ihnen k\u00f6nnt ihr euren Bildern den letzten Schliff und das gewisse Etwas direkt auf dem Handy verleihen! \ud83d\ude42<\/p>\n<p>&nbsp;<\/p>\n<p><strong>Installation:<\/strong><\/p>\n<ol>\n<li>speichere die Dateien auf deinem Handy (in Dateien oder Fotos)<\/li>\n<li><span>Lade dir die Adobe Lightroom Mobile App herunter und \u00f6ffne sie. Klicke auf den Button &#8222;Fotos importieren&#8220; und w\u00e4hle dann die entsprechende DNG Datei aus.<\/span><\/li>\n<li><span>\u00d6ffne die DNG Datei aus der Lightroom Bibliothek. Klicke dann auf die drei Punkte in der oberen, rechten Ecke, um das Einstellungsmen\u00fc zu \u00f6ffnen. Klicke auf &#8222;<\/span>Vorgabe erstellen&#8220;<span> und gebe den Namen des Presets unter &#8222;<\/span>Vorgabenname&#8220;\u00a0<span>ein. Unter &#8222;<\/span>Vorgabengruppe&#8220;\u00a0<span>hast du die M\u00f6glichkeit, eine neue Gruppe<\/span><i><span>\u00a0<\/span><\/i><span>zu erstellen, zu der du dann alle Brown-Presets hinzuf\u00fcgen kannst. So hast du sp\u00e4ter alle Presets \u00fcbersichtlich in einem Ordner. Klicke dann auf den Haken oben rechts, um die Einstellung zu speichern.<\/span><\/li>\n<li><span>Wiederhole diese Schritte mit den restlichen Presets. Speichere die Presets<\/span><\/li>\n<li><span>Um die Presets nun anzuwenden, \u00f6ffne ein Bild aus deiner Lightroom Bibliothek, welches du gerne bearbeiten m\u00f6chtest. Klicke in der unteren Bearbeitungsleiste den Button &#8222;<\/span>Vorgaben&#8220;<span> und w\u00e4hle dein Preset aus.<\/span><\/li>\n<\/ol>\n","protected":false},"featured_media":2331,"comment_status":"open","ping_status":"closed","template":"","meta":{"_links_to":"","_links_to_target":""},"product_cat":[17],"product_tag":[],"class_list":["post-2334","product","type-product","status-publish","has-post-thumbnail","hentry","product_cat-unkategorisiert"],"jetpack_sharing_enabled":true,"_links":{"self":[{"href":"https:\/\/yvi-tschischka.de\/index.php\/wp-json\/wp\/v2\/product\/2334","targetHints":{"allow":["GET"]}}],"collection":[{"href":"https:\/\/yvi-tschischka.de\/index.php\/wp-json\/wp\/v2\/product"}],"about":[{"href":"https:\/\/yvi-tschischka.de\/index.php\/wp-json\/wp\/v2\/types\/product"}],"replies":[{"embeddable":true,"href":"https:\/\/yvi-tschischka.de\/index.php\/wp-json\/wp\/v2\/comments?post=2334"}],"wp:featuredmedia":[{"embeddable":true,"href":"https:\/\/yvi-tschischka.de\/index.php\/wp-json\/wp\/v2\/media\/2331"}],"wp:attachment":[{"href":"https:\/\/yvi-tschischka.de\/index.php\/wp-json\/wp\/v2\/media?parent=2334"}],"wp:term":[{"taxonomy":"product_cat","embeddable":true,"href":"https:\/\/yvi-tschischka.de\/index.php\/wp-json\/wp\/v2\/product_cat?post=2334"},{"taxonomy":"product_tag","embeddable":true,"href":"https:\/\/yvi-tschischka.de\/index.php\/wp-json\/wp\/v2\/product_tag?post=2334"}],"curies":[{"name":"wp","href":"https:\/\/api.w.org\/{rel}","templated":true}]}}