{"id":2330,"date":"2022-05-27T17:45:19","date_gmt":"2022-05-27T15:45:19","guid":{"rendered":"https:\/\/yvi-tschischka.de\/?post_type=product&#038;p=2330"},"modified":"2025-11-02T23:51:20","modified_gmt":"2025-11-02T22:51:20","slug":"lightroom-presets-brown","status":"publish","type":"product","link":"https:\/\/yvi-tschischka.de\/index.php\/produkt\/lightroom-presets-brown\/","title":{"rendered":"Lightroom Presets Brown"},"content":{"rendered":"","protected":false},"excerpt":{"rendered":"<p>Diese Presets sind ein Brown-Special \u2013 mit ihnen k\u00f6nnt ihr super easy mit nur einem Klick br\u00e4unliche Farbstimmungen in eure Bilder zaubern!<\/p>\n<p>Meine Lightroom Presets nutze ich vor allem zur Grundoptimierung der Fotos, die meine Kunden in ihrer Vorschaugalerie sehen werden. Diese erste Optimierung ist eine tolle Grundlage f\u00fcr die sp\u00e4tere Bearbeitung in Photoshop und eine super Erg\u00e4nzung zu meinen\u00a0<a href=\"http:\/\/yvi-tschischka.de\/index.php\/produkt\/photoshop-aktionen\/\" target=\"_blank\" rel=\"noopener noreferrer\">Photoshop Aktionen<\/a>! Also der Grundstein meiner Bildbearbeitung!<\/p>\n<p>Das Bundle enth\u00e4lt 15 Presets in diversen Braunt\u00f6nen f\u00fcr ganz unterschiedliche Licht- und Farbverh\u00e4ltnisse.<\/p>\n<p>Im Download sind 2(!) Versionen der Presets vorhanden. Nutzt du Lightroom CC, nutze die Dateien aus &#8222;YT_Presets_Braun&#8220;.<br \/>\nNutzt du eine \u00e4ltere Lightroomversion (zb. Lightroom 6), dann nutze die Dateien aus &#8222;YT_Presets_Brown_alt&#8220;.<\/p>\n","protected":false},"featured_media":2331,"comment_status":"open","ping_status":"closed","template":"","meta":{"_links_to":"","_links_to_target":""},"product_cat":[17],"product_tag":[],"class_list":["post-2330","product","type-product","status-publish","has-post-thumbnail","hentry","product_cat-unkategorisiert"],"jetpack_sharing_enabled":true,"_links":{"self":[{"href":"https:\/\/yvi-tschischka.de\/index.php\/wp-json\/wp\/v2\/product\/2330","targetHints":{"allow":["GET"]}}],"collection":[{"href":"https:\/\/yvi-tschischka.de\/index.php\/wp-json\/wp\/v2\/product"}],"about":[{"href":"https:\/\/yvi-tschischka.de\/index.php\/wp-json\/wp\/v2\/types\/product"}],"replies":[{"embeddable":true,"href":"https:\/\/yvi-tschischka.de\/index.php\/wp-json\/wp\/v2\/comments?post=2330"}],"wp:featuredmedia":[{"embeddable":true,"href":"https:\/\/yvi-tschischka.de\/index.php\/wp-json\/wp\/v2\/media\/2331"}],"wp:attachment":[{"href":"https:\/\/yvi-tschischka.de\/index.php\/wp-json\/wp\/v2\/media?parent=2330"}],"wp:term":[{"taxonomy":"product_cat","embeddable":true,"href":"https:\/\/yvi-tschischka.de\/index.php\/wp-json\/wp\/v2\/product_cat?post=2330"},{"taxonomy":"product_tag","embeddable":true,"href":"https:\/\/yvi-tschischka.de\/index.php\/wp-json\/wp\/v2\/product_tag?post=2330"}],"curies":[{"name":"wp","href":"https:\/\/api.w.org\/{rel}","templated":true}]}}