{"id":1103,"date":"2019-09-27T07:00:54","date_gmt":"2019-09-27T05:00:54","guid":{"rendered":"http:\/\/yvi-tschischka.de\/?post_type=product&#038;p=1103"},"modified":"2024-04-16T00:05:32","modified_gmt":"2024-04-15T22:05:32","slug":"lightroom-presets","status":"publish","type":"product","link":"https:\/\/yvi-tschischka.de\/index.php\/produkt\/lightroom-presets\/","title":{"rendered":"Lightroom Presets"},"content":{"rendered":"","protected":false},"excerpt":{"rendered":"<p>Meine Lightroom Presets nutze ich vor allem zur Grundoptimierung der Fotos, die meine Kunden in ihrer Vorschaugalerie sehen werden. Diese erste Optimierung ist eine tolle Grundlage f\u00fcr die sp\u00e4tere Bearbeitung in Photoshop und eine super Erg\u00e4nzung zu meinen\u00a0<a href=\"http:\/\/yvi-tschischka.de\/index.php\/produkt\/photoshop-aktionen\/\" target=\"_blank\" rel=\"noopener noreferrer\">Photoshop Aktionen<\/a>! Also der Grundstein meiner Bildbearbeitung!<\/p>\n<p>Das Bundle enth\u00e4lt 19 Presets:<br \/>\n\u2013 beautiful_sunset<br \/>\n\u2013 brown_field<br \/>\n\u2013 clear_look<br \/>\n\u2013 colourful<br \/>\n\u2013 dark_beauty<br \/>\n\u2013 Frosty_1<br \/>\n\u2013 Frosty_2<br \/>\n\u2013 Frosty_and_sun<br \/>\n\u2013 Gegenlichtliebe_1<br \/>\n\u2013 Gegenlichtliebe_2<br \/>\n\u2013 Gegenlichtliebe_3<br \/>\n\u2013 Gegenlichtliebe_4<br \/>\n\u2013 Gegenlichtliebe_5<br \/>\n\u2013 Green_1<br \/>\n\u2013 Green_2<br \/>\n\u2013 Green_3<br \/>\n\u2013 Green_4<br \/>\n\u2013 rainy_day<br \/>\n\u2013 warm_autumn<\/p>\n<p>Im Download sind 2(!) Versionen der Presets vorhanden. Nutzt du Lightroom CC, nutze die Dateien aus &#8222;YT_Presets&#8220;.<br \/>\nNutzt du eine \u00e4ltere Lightroomversion (zb. Lightroom 6), dann nutze die Dateien aus &#8222;YT_Presets_LR_alte_Versionen&#8220;.<\/p>\n","protected":false},"featured_media":1939,"comment_status":"open","ping_status":"closed","template":"","meta":{"_links_to":"","_links_to_target":""},"product_cat":[17],"product_tag":[],"class_list":["post-1103","product","type-product","status-publish","has-post-thumbnail","hentry","product_cat-unkategorisiert"],"jetpack_sharing_enabled":true,"_links":{"self":[{"href":"https:\/\/yvi-tschischka.de\/index.php\/wp-json\/wp\/v2\/product\/1103","targetHints":{"allow":["GET"]}}],"collection":[{"href":"https:\/\/yvi-tschischka.de\/index.php\/wp-json\/wp\/v2\/product"}],"about":[{"href":"https:\/\/yvi-tschischka.de\/index.php\/wp-json\/wp\/v2\/types\/product"}],"replies":[{"embeddable":true,"href":"https:\/\/yvi-tschischka.de\/index.php\/wp-json\/wp\/v2\/comments?post=1103"}],"wp:featuredmedia":[{"embeddable":true,"href":"https:\/\/yvi-tschischka.de\/index.php\/wp-json\/wp\/v2\/media\/1939"}],"wp:attachment":[{"href":"https:\/\/yvi-tschischka.de\/index.php\/wp-json\/wp\/v2\/media?parent=1103"}],"wp:term":[{"taxonomy":"product_cat","embeddable":true,"href":"https:\/\/yvi-tschischka.de\/index.php\/wp-json\/wp\/v2\/product_cat?post=1103"},{"taxonomy":"product_tag","embeddable":true,"href":"https:\/\/yvi-tschischka.de\/index.php\/wp-json\/wp\/v2\/product_tag?post=1103"}],"curies":[{"name":"wp","href":"https:\/\/api.w.org\/{rel}","templated":true}]}}