{"id":2431,"date":"2023-01-02T08:30:00","date_gmt":"2023-01-02T07:30:00","guid":{"rendered":"https:\/\/yvi-tschischka.de\/?page_id=2431"},"modified":"2025-08-21T06:53:05","modified_gmt":"2025-08-21T04:53:05","slug":"portrait-paarfotografie","status":"publish","type":"page","link":"https:\/\/yvi-tschischka.de\/index.php\/portrait-paarfotografie\/","title":{"rendered":"Portrait- &#038; Paarfotografie"},"content":{"rendered":"\n<div class=\"wp-block-columns is-layout-flex wp-container-core-columns-is-layout-1 wp-block-columns-is-layout-flex\">\n<div class=\"wp-block-column has-border-color is-layout-flow wp-block-column-is-layout-flow\" style=\"border-color:#0000001f;border-style:solid;border-width:1px;border-radius:20px;padding-top:var(--wp--preset--spacing--70);padding-right:var(--wp--preset--spacing--70);padding-bottom:var(--wp--preset--spacing--70);padding-left:var(--wp--preset--spacing--70)\">\n<h2 class=\"wp-block-heading has-text-align-center has-black-color has-text-color has-link-color wp-elements-0647743850016671143a2330334e2c81\" style=\"margin-bottom:20px;font-size:clamp(16.293px, 1.018rem + ((1vw - 3.2px) * 0.68), 25px);\"><mark style=\"background-color:rgba(0, 0, 0, 0)\" class=\"has-inline-color has-palette-color-1-color\">Portrait Basic<\/mark><\/h2>\n\n\n\n<p class=\"has-text-align-center has-black-color has-text-color has-link-color has-xx-large-font-size wp-elements-06f669b4f9f72c354ecfc97f7b8494f6\" style=\"margin-bottom:20px;font-style:normal;font-weight:800;line-height:1\"><img loading=\"lazy\" decoding=\"async\" width=\"150\" height=\"150\" class=\"wp-image-3034\" style=\"width: 150px;\" src=\"https:\/\/yvi-tschischka.de\/wp-content\/uploads\/2025\/04\/preis9.png\" alt=\"\" srcset=\"https:\/\/yvi-tschischka.de\/wp-content\/uploads\/2025\/04\/preis9.png 842w, https:\/\/yvi-tschischka.de\/wp-content\/uploads\/2025\/04\/preis9-300x300.png 300w, https:\/\/yvi-tschischka.de\/wp-content\/uploads\/2025\/04\/preis9-150x150.png 150w, https:\/\/yvi-tschischka.de\/wp-content\/uploads\/2025\/04\/preis9-768x768.png 768w, https:\/\/yvi-tschischka.de\/wp-content\/uploads\/2025\/04\/preis9-600x600.png 600w, https:\/\/yvi-tschischka.de\/wp-content\/uploads\/2025\/04\/preis9-100x100.png 100w\" sizes=\"auto, (max-width: 150px) 100vw, 150px\" \/><\/p>\n\n\n\n<h2 class=\"wp-block-heading has-text-align-center has-black-color has-text-color has-link-color wp-elements-6e9bbd3d3bcae94fb7f822fe52a2e3ee\"><mark style=\"background-color:rgba(0, 0, 0, 0)\" class=\"has-inline-color has-palette-color-2-color\">199\u20ac<\/mark><\/h2>\n\n\n\n<ul style=\"margin-bottom:50px\" class=\"wp-block-list has-black-color has-text-color has-link-color wp-elements-751b1fee83496b2ce7f5ea8b782760ab\">\n<li><strong><mark style=\"background-color:rgba(0, 0, 0, 0)\" class=\"has-inline-color has-palette-color-2-color\">5 Bilder <\/mark><\/strong>inkl. in High-End Bearbeitung<\/li>\n\n\n\n<li>ausgew\u00e4hlte Bilder zus\u00e4tzlich f\u00fcr Web optimiert mit Logo<\/li>\n\n\n\n<li>eigene Online-Galerie zum bequemen und einfachen Ausw\u00e4hlen der Fotos<br><\/li>\n<\/ul>\n\n\n\n<div class=\"wp-block-buttons alignwide is-layout-flex wp-block-buttons-is-layout-flex\" style=\"margin-bottom:40px\">\n<div class=\"wp-block-button has-custom-width wp-block-button__width-100 has-custom-font-size\" style=\"font-size:clamp(14px, 0.875rem + ((1vw - 3.2px) * 0.313), 18px);font-style:normal;font-weight:600\"><a class=\"wp-block-button__link wp-element-button\" href=\"https:\/\/yvi-tschischka.de\/index.php\/kontakt\/\" style=\"border-radius:8px;padding-top:15px;padding-bottom:15px\">Anfragen<\/a><\/div>\n<\/div>\n\n\n\n<p class=\"has-text-align-center has-black-color has-text-color has-link-color wp-elements-31ef8a46bf82daa30dab4b6adf99fd54\"><\/p>\n<\/div>\n\n\n\n<div class=\"wp-block-column has-border-color is-layout-flow wp-block-column-is-layout-flow\" style=\"border-color:#0000001f;border-style:solid;border-width:1px;border-radius:20px;padding-top:var(--wp--preset--spacing--70);padding-right:var(--wp--preset--spacing--70);padding-bottom:var(--wp--preset--spacing--70);padding-left:var(--wp--preset--spacing--70)\">\n<h2 class=\"wp-block-heading has-text-align-center has-black-color has-text-color has-link-color wp-elements-cbc868f2e95e527431effe398ab7d540\" style=\"margin-bottom:20px;font-size:clamp(16.293px, 1.018rem + ((1vw - 3.2px) * 0.68), 25px);\"><mark style=\"background-color:rgba(0, 0, 0, 0)\" class=\"has-inline-color has-palette-color-1-color\">Portrait Pro<\/mark><\/h2>\n\n\n\n<p class=\"has-text-align-center has-black-color has-text-color has-link-color has-xx-large-font-size wp-elements-6715560876ea4ff271d372471e5f78d5\" style=\"margin-bottom:20px;font-style:normal;font-weight:800;line-height:1\"><img loading=\"lazy\" decoding=\"async\" width=\"150\" height=\"150\" class=\"wp-image-3035\" style=\"width: 150px;\" src=\"https:\/\/yvi-tschischka.de\/wp-content\/uploads\/2025\/04\/preis10.png\" alt=\"\" srcset=\"https:\/\/yvi-tschischka.de\/wp-content\/uploads\/2025\/04\/preis10.png 842w, https:\/\/yvi-tschischka.de\/wp-content\/uploads\/2025\/04\/preis10-300x300.png 300w, https:\/\/yvi-tschischka.de\/wp-content\/uploads\/2025\/04\/preis10-150x150.png 150w, https:\/\/yvi-tschischka.de\/wp-content\/uploads\/2025\/04\/preis10-768x768.png 768w, https:\/\/yvi-tschischka.de\/wp-content\/uploads\/2025\/04\/preis10-600x600.png 600w, https:\/\/yvi-tschischka.de\/wp-content\/uploads\/2025\/04\/preis10-100x100.png 100w\" sizes=\"auto, (max-width: 150px) 100vw, 150px\" \/><\/p>\n\n\n\n<h2 class=\"wp-block-heading has-text-align-center has-black-color has-text-color has-link-color wp-elements-1ee2ce0fc8c742095cab612418e6f80d\"><mark style=\"background-color:rgba(0, 0, 0, 0)\" class=\"has-inline-color has-palette-color-2-color\">299\u20ac<\/mark><\/h2>\n\n\n\n<ul style=\"margin-bottom:50px\" class=\"wp-block-list has-black-color has-text-color has-link-color wp-elements-7ce51808163eeea3d80d8fa0adb0fcf3\">\n<li><strong><mark style=\"background-color:rgba(0, 0, 0, 0)\" class=\"has-inline-color has-palette-color-2-color\">10 Bilder <\/mark><\/strong>inkl. in High-End Bearbeitung<\/li>\n\n\n\n<li>ausgew\u00e4hlte Bilder zus\u00e4tzlich f\u00fcr Web optimiert mit Logo<\/li>\n\n\n\n<li>eigene Online-Galerie zum bequemen und einfachen Ausw\u00e4hlen der Fotos<br><\/li>\n<\/ul>\n\n\n\n<div class=\"wp-block-buttons is-layout-flex wp-block-buttons-is-layout-flex\" style=\"margin-bottom:40px\">\n<div class=\"wp-block-button has-custom-width wp-block-button__width-100 has-custom-font-size\" style=\"font-size:clamp(14px, 0.875rem + ((1vw - 3.2px) * 0.313), 18px);font-style:normal;font-weight:600\"><a class=\"wp-block-button__link wp-element-button\" href=\"https:\/\/yvi-tschischka.de\/index.php\/kontakt\/\" style=\"border-radius:8px;padding-top:15px;padding-bottom:15px\">Anfragen<\/a><\/div>\n<\/div>\n\n\n\n<p class=\"has-text-align-center has-black-color has-text-color has-link-color wp-elements-31ef8a46bf82daa30dab4b6adf99fd54\"><\/p>\n<\/div>\n\n\n\n<div class=\"wp-block-column has-border-color is-layout-flow wp-block-column-is-layout-flow\" style=\"border-color:#0000001f;border-style:solid;border-width:1px;border-radius:20px;padding-top:var(--wp--preset--spacing--70);padding-right:var(--wp--preset--spacing--70);padding-bottom:var(--wp--preset--spacing--70);padding-left:var(--wp--preset--spacing--70)\">\n<h2 class=\"wp-block-heading has-text-align-center has-black-color has-text-color has-link-color wp-elements-f7477bdd9600b02436bac8aab186754e\" style=\"margin-bottom:20px;font-size:clamp(16.293px, 1.018rem + ((1vw - 3.2px) * 0.68), 25px);\"><mark style=\"background-color:rgba(0, 0, 0, 0)\" class=\"has-inline-color has-palette-color-1-color\">Business-Portrait<\/mark><\/h2>\n\n\n\n<p class=\"has-text-align-center has-black-color has-text-color has-link-color has-xx-large-font-size wp-elements-e8c38e9abfe1a97f8ed182126960773b\" style=\"margin-bottom:20px;font-style:normal;font-weight:800;line-height:1\"><img loading=\"lazy\" decoding=\"async\" width=\"150\" height=\"150\" class=\"wp-image-3066\" style=\"width: 150px;\" src=\"https:\/\/yvi-tschischka.de\/wp-content\/uploads\/2025\/04\/preis18.png\" alt=\"\" srcset=\"https:\/\/yvi-tschischka.de\/wp-content\/uploads\/2025\/04\/preis18.png 842w, https:\/\/yvi-tschischka.de\/wp-content\/uploads\/2025\/04\/preis18-300x300.png 300w, https:\/\/yvi-tschischka.de\/wp-content\/uploads\/2025\/04\/preis18-150x150.png 150w, https:\/\/yvi-tschischka.de\/wp-content\/uploads\/2025\/04\/preis18-768x768.png 768w, https:\/\/yvi-tschischka.de\/wp-content\/uploads\/2025\/04\/preis18-600x600.png 600w, https:\/\/yvi-tschischka.de\/wp-content\/uploads\/2025\/04\/preis18-100x100.png 100w\" sizes=\"auto, (max-width: 150px) 100vw, 150px\" \/><\/p>\n\n\n\n<h2 class=\"wp-block-heading has-text-align-center has-black-color has-text-color has-link-color wp-elements-99c0998aef73e4eaa72a17e6cae11717\"><mark style=\"background-color:rgba(0, 0, 0, 0)\" class=\"has-inline-color has-palette-color-2-color\">89\u20ac<\/mark><\/h2>\n\n\n\n<ul style=\"margin-bottom:50px\" class=\"wp-block-list has-black-color has-text-color has-link-color wp-elements-81fdb3222e312499ae74cb5e726170e5\">\n<li><strong><mark style=\"background-color:rgba(0, 0, 0, 0)\" class=\"has-inline-color has-palette-color-2-color\">1 Bild <\/mark><\/strong>inkl. in High-End Bearbeitung<\/li>\n\n\n\n<li>eigene Online-Galerie zum bequemen und einfachen Ausw\u00e4hlen der Fotos<\/li>\n\n\n\n<li>inkl. privates Nutzungsrecht<\/li>\n\n\n\n<li>Mitarbeiter-Portraits von mehreren Personen einer Firma auf Anfrage<br><\/li>\n<\/ul>\n\n\n\n<div class=\"wp-block-buttons is-layout-flex wp-block-buttons-is-layout-flex\" style=\"margin-bottom:40px\">\n<div class=\"wp-block-button has-custom-width wp-block-button__width-100 has-custom-font-size\" style=\"font-size:clamp(14px, 0.875rem + ((1vw - 3.2px) * 0.313), 18px);font-style:normal;font-weight:600\"><a class=\"wp-block-button__link wp-element-button\" href=\"https:\/\/yvi-tschischka.de\/index.php\/kontakt\/\" style=\"border-radius:8px;padding-top:15px;padding-bottom:15px\">Anfragen<\/a><\/div>\n<\/div>\n\n\n\n<p class=\"has-text-align-center has-black-color has-text-color has-link-color wp-elements-31ef8a46bf82daa30dab4b6adf99fd54\"><\/p>\n<\/div>\n<\/div>\n\n\n\n<p class=\"has-text-align-center\"><\/p>\n\n\n\n<div class=\"wp-block-columns is-layout-flex wp-container-core-columns-is-layout-2 wp-block-columns-is-layout-flex\">\n<div class=\"wp-block-column has-border-color is-layout-flow wp-block-column-is-layout-flow\" style=\"border-color:#0000001f;border-style:solid;border-width:1px;border-radius:20px;padding-top:var(--wp--preset--spacing--70);padding-right:var(--wp--preset--spacing--70);padding-bottom:var(--wp--preset--spacing--70);padding-left:var(--wp--preset--spacing--70)\">\n<h2 class=\"wp-block-heading has-text-align-center has-black-color has-text-color has-link-color wp-elements-094c9dfd81bc943ce269f364fcc900f7\" style=\"margin-bottom:20px;font-size:clamp(16.293px, 1.018rem + ((1vw - 3.2px) * 0.68), 25px);\">&#8222;<mark style=\"background-color:rgba(0, 0, 0, 0)\" class=\"has-inline-color has-palette-color-1-color\">Der Stuhl<\/mark>&#8222;<\/h2>\n\n\n\n<p class=\"has-text-align-center has-black-color has-text-color has-link-color has-xx-large-font-size wp-elements-bf3c32ac10facb8046e5bc5fd6a4ea90\" style=\"margin-bottom:20px;font-style:normal;font-weight:800;line-height:1\"><img loading=\"lazy\" decoding=\"async\" width=\"150\" height=\"150\" class=\"wp-image-3104\" style=\"width: 150px;\" src=\"https:\/\/yvi-tschischka.de\/wp-content\/uploads\/2025\/08\/preis19.png\" alt=\"\" srcset=\"https:\/\/yvi-tschischka.de\/wp-content\/uploads\/2025\/08\/preis19.png 842w, https:\/\/yvi-tschischka.de\/wp-content\/uploads\/2025\/08\/preis19-300x300.png 300w, https:\/\/yvi-tschischka.de\/wp-content\/uploads\/2025\/08\/preis19-150x150.png 150w, https:\/\/yvi-tschischka.de\/wp-content\/uploads\/2025\/08\/preis19-768x768.png 768w, https:\/\/yvi-tschischka.de\/wp-content\/uploads\/2025\/08\/preis19-600x600.png 600w, https:\/\/yvi-tschischka.de\/wp-content\/uploads\/2025\/08\/preis19-100x100.png 100w\" sizes=\"auto, (max-width: 150px) 100vw, 150px\" \/><\/p>\n\n\n\n<h2 class=\"wp-block-heading has-text-align-center has-black-color has-text-color has-link-color wp-elements-6e9bbd3d3bcae94fb7f822fe52a2e3ee\"><mark style=\"background-color:rgba(0, 0, 0, 0)\" class=\"has-inline-color has-palette-color-2-color\">199\u20ac<\/mark><\/h2>\n\n\n\n<p>&#8222;Der Stuhl&#8220; ist bei diesem Shooting dein Accessoire und dein Shooting-Partner. Mit ihm sind super sch\u00f6ne Posen m\u00f6glich \u2013 und er ist au\u00dferdem perfekt geeignet, wenn man noch etwas unsicher vor der Kamera ist, da man l\u00e4ssig sitzen und seine Arme\/H\u00e4nde &#8222;verstauen&#8220; kann \ud83d\ude09<\/p>\n\n\n\n<ul style=\"margin-bottom:50px\" class=\"wp-block-list has-black-color has-text-color has-link-color wp-elements-751b1fee83496b2ce7f5ea8b782760ab\">\n<li><strong><mark style=\"background-color:rgba(0, 0, 0, 0)\" class=\"has-inline-color has-palette-color-2-color\">5 Bilder <\/mark><\/strong>inkl. in High-End Bearbeitung<\/li>\n\n\n\n<li>ausgew\u00e4hlte Bilder zus\u00e4tzlich f\u00fcr Web optimiert mit Logo<\/li>\n\n\n\n<li>eigene Online-Galerie zum bequemen und einfachen Ausw\u00e4hlen der Fotos<br><\/li>\n<\/ul>\n\n\n\n<div class=\"wp-block-buttons alignwide is-layout-flex wp-block-buttons-is-layout-flex\" style=\"margin-bottom:40px\">\n<div class=\"wp-block-button has-custom-width wp-block-button__width-100 has-custom-font-size\" style=\"font-size:clamp(14px, 0.875rem + ((1vw - 3.2px) * 0.313), 18px);font-style:normal;font-weight:600\"><a class=\"wp-block-button__link wp-element-button\" href=\"https:\/\/yvi-tschischka.de\/index.php\/kontakt\/\" style=\"border-radius:8px;padding-top:15px;padding-bottom:15px\">Anfragen<\/a><\/div>\n<\/div>\n\n\n\n<p class=\"has-text-align-center has-black-color has-text-color has-link-color wp-elements-31ef8a46bf82daa30dab4b6adf99fd54\"><\/p>\n<\/div>\n\n\n\n<div class=\"wp-block-column has-border-color is-layout-flow wp-block-column-is-layout-flow\" style=\"border-color:#0000001f;border-style:solid;border-width:1px;border-radius:20px;padding-top:var(--wp--preset--spacing--70);padding-right:var(--wp--preset--spacing--70);padding-bottom:var(--wp--preset--spacing--70);padding-left:var(--wp--preset--spacing--70)\">\n<h2 class=\"wp-block-heading has-text-align-center has-black-color has-text-color has-link-color wp-elements-e910da1b8138111136b9224e17c8e454\" style=\"margin-bottom:20px;font-size:clamp(16.293px, 1.018rem + ((1vw - 3.2px) * 0.68), 25px);\"><mark style=\"background-color:rgba(0, 0, 0, 0)\" class=\"has-inline-color has-palette-color-1-color\">P\u00e4rchen Basic<\/mark><\/h2>\n\n\n\n<p class=\"has-text-align-center has-black-color has-text-color has-link-color has-xx-large-font-size wp-elements-be5ad23b0aefdf983ecef5f458177c79\" style=\"margin-bottom:20px;font-style:normal;font-weight:800;line-height:1\"><img loading=\"lazy\" decoding=\"async\" width=\"150\" height=\"150\" class=\"wp-image-3036\" style=\"width: 150px;\" src=\"https:\/\/yvi-tschischka.de\/wp-content\/uploads\/2025\/04\/preis11.png\" alt=\"\" srcset=\"https:\/\/yvi-tschischka.de\/wp-content\/uploads\/2025\/04\/preis11.png 842w, https:\/\/yvi-tschischka.de\/wp-content\/uploads\/2025\/04\/preis11-300x300.png 300w, https:\/\/yvi-tschischka.de\/wp-content\/uploads\/2025\/04\/preis11-150x150.png 150w, https:\/\/yvi-tschischka.de\/wp-content\/uploads\/2025\/04\/preis11-768x768.png 768w, https:\/\/yvi-tschischka.de\/wp-content\/uploads\/2025\/04\/preis11-600x600.png 600w, https:\/\/yvi-tschischka.de\/wp-content\/uploads\/2025\/04\/preis11-100x100.png 100w\" sizes=\"auto, (max-width: 150px) 100vw, 150px\" \/><\/p>\n\n\n\n<h2 class=\"wp-block-heading has-text-align-center has-black-color has-text-color has-link-color wp-elements-6b1292485727f85bc8a4463c9ec3fd6e\"><mark style=\"background-color:rgba(0, 0, 0, 0)\" class=\"has-inline-color has-palette-color-2-color\">249\u20ac<\/mark><\/h2>\n\n\n\n<ul style=\"margin-bottom:50px\" class=\"wp-block-list has-black-color has-text-color has-link-color wp-elements-751b1fee83496b2ce7f5ea8b782760ab\">\n<li><strong><mark style=\"background-color:rgba(0, 0, 0, 0)\" class=\"has-inline-color has-palette-color-2-color\">5 Bilder <\/mark><\/strong>inkl. in High-End Bearbeitung<\/li>\n\n\n\n<li>ausgew\u00e4hlte Bilder zus\u00e4tzlich f\u00fcr Web optimiert mit Logo<\/li>\n\n\n\n<li>eigene Online-Galerie zum bequemen und einfachen Ausw\u00e4hlen der Fotos<br><\/li>\n<\/ul>\n\n\n\n<div class=\"wp-block-buttons alignwide is-layout-flex wp-block-buttons-is-layout-flex\" style=\"margin-bottom:40px\">\n<div class=\"wp-block-button has-custom-width wp-block-button__width-100 has-custom-font-size\" style=\"font-size:clamp(14px, 0.875rem + ((1vw - 3.2px) * 0.313), 18px);font-style:normal;font-weight:600\"><a class=\"wp-block-button__link wp-element-button\" href=\"https:\/\/yvi-tschischka.de\/index.php\/kontakt\/\" style=\"border-radius:8px;padding-top:15px;padding-bottom:15px\">Anfragen<\/a><\/div>\n<\/div>\n\n\n\n<p class=\"has-text-align-center has-black-color has-text-color has-link-color wp-elements-31ef8a46bf82daa30dab4b6adf99fd54\"><\/p>\n<\/div>\n\n\n\n<div class=\"wp-block-column has-border-color is-layout-flow wp-block-column-is-layout-flow\" style=\"border-color:#0000001f;border-style:solid;border-width:1px;border-radius:20px;padding-top:var(--wp--preset--spacing--70);padding-right:var(--wp--preset--spacing--70);padding-bottom:var(--wp--preset--spacing--70);padding-left:var(--wp--preset--spacing--70)\">\n<h2 class=\"wp-block-heading has-text-align-center has-black-color has-text-color has-link-color wp-elements-693725663ff58647495565e7a9a203ea\" style=\"margin-bottom:20px;font-size:clamp(16.293px, 1.018rem + ((1vw - 3.2px) * 0.68), 25px);\"><mark style=\"background-color:rgba(0, 0, 0, 0)\" class=\"has-inline-color has-palette-color-1-color\">P\u00e4rchen Pro<\/mark><\/h2>\n\n\n\n<p class=\"has-text-align-center has-black-color has-text-color has-link-color has-xx-large-font-size wp-elements-33836220260b6d07ec1d14046c1e8e5c\" style=\"margin-bottom:20px;font-style:normal;font-weight:800;line-height:1\"><img loading=\"lazy\" decoding=\"async\" width=\"150\" height=\"150\" class=\"wp-image-3037\" style=\"width: 150px;\" src=\"https:\/\/yvi-tschischka.de\/wp-content\/uploads\/2025\/04\/preis12.png\" alt=\"\" srcset=\"https:\/\/yvi-tschischka.de\/wp-content\/uploads\/2025\/04\/preis12.png 842w, https:\/\/yvi-tschischka.de\/wp-content\/uploads\/2025\/04\/preis12-300x300.png 300w, https:\/\/yvi-tschischka.de\/wp-content\/uploads\/2025\/04\/preis12-150x150.png 150w, https:\/\/yvi-tschischka.de\/wp-content\/uploads\/2025\/04\/preis12-768x768.png 768w, https:\/\/yvi-tschischka.de\/wp-content\/uploads\/2025\/04\/preis12-600x600.png 600w, https:\/\/yvi-tschischka.de\/wp-content\/uploads\/2025\/04\/preis12-100x100.png 100w\" sizes=\"auto, (max-width: 150px) 100vw, 150px\" \/><\/p>\n\n\n\n<h2 class=\"wp-block-heading has-text-align-center has-black-color has-text-color has-link-color wp-elements-c2a5cdd678ffc33ca26ef92606cabe93\"><mark style=\"background-color:rgba(0, 0, 0, 0)\" class=\"has-inline-color has-palette-color-2-color\">349\u20ac<\/mark><\/h2>\n\n\n\n<ul style=\"margin-bottom:50px\" class=\"wp-block-list has-black-color has-text-color has-link-color wp-elements-7ce51808163eeea3d80d8fa0adb0fcf3\">\n<li><strong><mark style=\"background-color:rgba(0, 0, 0, 0)\" class=\"has-inline-color has-palette-color-2-color\">10 Bilder <\/mark><\/strong>inkl. in High-End Bearbeitung<\/li>\n\n\n\n<li>ausgew\u00e4hlte Bilder zus\u00e4tzlich f\u00fcr Web optimiert mit Logo<\/li>\n\n\n\n<li>eigene Online-Galerie zum bequemen und einfachen Ausw\u00e4hlen der Fotos<br><\/li>\n<\/ul>\n\n\n\n<div class=\"wp-block-buttons is-layout-flex wp-block-buttons-is-layout-flex\" style=\"margin-bottom:40px\">\n<div class=\"wp-block-button has-custom-width wp-block-button__width-100 has-custom-font-size\" style=\"font-size:clamp(14px, 0.875rem + ((1vw - 3.2px) * 0.313), 18px);font-style:normal;font-weight:600\"><a class=\"wp-block-button__link wp-element-button\" href=\"https:\/\/yvi-tschischka.de\/index.php\/kontakt\/\" style=\"border-radius:8px;padding-top:15px;padding-bottom:15px\">Anfragen<\/a><\/div>\n<\/div>\n\n\n\n<p class=\"has-text-align-center has-black-color has-text-color has-link-color wp-elements-31ef8a46bf82daa30dab4b6adf99fd54\"><\/p>\n<\/div>\n<\/div>\n\n\n\n<p class=\"has-text-align-center\">*jedes zus\u00e4tzlich bestellte Bild kostet 29\u20ac | ab 5 zus\u00e4tzlichen Bildern gilt ein Preis von 23\u20ac\/Bild |<br><strong><strong>ALLE<\/strong> <\/strong>Bilder aus der Auswahlgalerie grundoptimiert (Anpassung von Farbe &amp; Helligkeit\/Kontrast, ohne Retusche)<br>k\u00f6nnen zus\u00e4tzlich zum Grundpaket f\u00fcr 499\u20ac erworben werden.<br>15km um 97318 inkl. | jeder weitere km kostet 0,40\u20ac.<\/p>\n\n\n\n<p><\/p>\n\n\n\n<p><\/p>\n","protected":false},"excerpt":{"rendered":"<p>Portrait Basic 199\u20ac Portrait Pro 299\u20ac Business-Portrait 89\u20ac &#8222;Der Stuhl&#8222; 199\u20ac &#8222;Der Stuhl&#8220; ist bei diesem Shooting dein Accessoire und dein Shooting-Partner. Mit ihm sind super sch\u00f6ne Posen m\u00f6glich \u2013 und er ist au\u00dferdem perfekt geeignet, wenn man noch etwas unsicher vor der Kamera ist, da man l\u00e4ssig sitzen und seine Arme\/H\u00e4nde &#8222;verstauen&#8220; kann \ud83d\ude09 [&hellip;]<\/p>\n","protected":false},"author":1,"featured_media":0,"parent":0,"menu_order":0,"comment_status":"closed","ping_status":"closed","template":"","meta":{"footnotes":"","_links_to":"","_links_to_target":""},"class_list":["post-2431","page","type-page","status-publish","hentry"],"blocksy_meta":{"styles_descriptor":{"styles":{"desktop":"","tablet":"","mobile":""},"google_fonts":[]}},"jetpack_sharing_enabled":true,"_links":{"self":[{"href":"https:\/\/yvi-tschischka.de\/index.php\/wp-json\/wp\/v2\/pages\/2431","targetHints":{"allow":["GET"]}}],"collection":[{"href":"https:\/\/yvi-tschischka.de\/index.php\/wp-json\/wp\/v2\/pages"}],"about":[{"href":"https:\/\/yvi-tschischka.de\/index.php\/wp-json\/wp\/v2\/types\/page"}],"author":[{"embeddable":true,"href":"https:\/\/yvi-tschischka.de\/index.php\/wp-json\/wp\/v2\/users\/1"}],"replies":[{"embeddable":true,"href":"https:\/\/yvi-tschischka.de\/index.php\/wp-json\/wp\/v2\/comments?post=2431"}],"version-history":[{"count":15,"href":"https:\/\/yvi-tschischka.de\/index.php\/wp-json\/wp\/v2\/pages\/2431\/revisions"}],"predecessor-version":[{"id":3105,"href":"https:\/\/yvi-tschischka.de\/index.php\/wp-json\/wp\/v2\/pages\/2431\/revisions\/3105"}],"wp:attachment":[{"href":"https:\/\/yvi-tschischka.de\/index.php\/wp-json\/wp\/v2\/media?parent=2431"}],"curies":[{"name":"wp","href":"https:\/\/api.w.org\/{rel}","templated":true}]}}