{"id":2,"date":"2016-02-22T14:18:19","date_gmt":"2016-02-22T13:18:19","guid":{"rendered":"http:\/\/yvi-tschischka.de\/?page_id=2"},"modified":"2025-04-25T15:02:32","modified_gmt":"2025-04-25T13:02:32","slug":"beispiel-seite","status":"publish","type":"page","link":"https:\/\/yvi-tschischka.de\/","title":{"rendered":"Home"},"content":{"rendered":"\n<p class=\"has-text-align-center\"><span>\n\t\t<!-- MasterSlider -->\n\t\t<div id=\"P_MS69e76df73d1a9\" class=\"master-slider-parent msl ms-parent-id-1\" style=\"max-width:2000px;\">\n\n\t\t\t\n\t\t\t<!-- MasterSlider Main -->\n\t\t\t<div id=\"MS69e76df73d1a9\" class=\"master-slider ms-skin-default\" >\n\t\t\t\t \t\t\t\t \n\t\t\t\t<div  class=\"ms-slide\" data-delay=\"3\" data-fill-mode=\"fill\"  >\n\t\t\t\t\t<img decoding=\"async\" src=\"https:\/\/yvi-tschischka.de\/wp-content\/plugins\/master-slider\/public\/assets\/css\/blank.gif\" alt=\"\" title=\"\" data-src=\"https:\/\/yvi-tschischka.de\/wp-content\/uploads\/2023\/11\/IMG_9633-scaled.jpg\" \/>\n\n\n\t<div class=\"ms-thumb\" ><div class=\"ms-tab-context\"><div class=&quot;ms-tab-context&quot;><\/div><\/div>\n<\/div>\n\t\t\t\t<\/div>\n\t\t\t\t<div  class=\"ms-slide\" data-delay=\"3\" data-fill-mode=\"fill\"  >\n\t\t\t\t\t<img decoding=\"async\" src=\"https:\/\/yvi-tschischka.de\/wp-content\/plugins\/master-slider\/public\/assets\/css\/blank.gif\" alt=\"\" title=\"\" data-src=\"https:\/\/yvi-tschischka.de\/wp-content\/uploads\/2025\/03\/IMG_1144-scaled.jpg\" \/>\n\n\n\t<div class=\"ms-thumb\" ><div class=\"ms-tab-context\"><div class=&quot;ms-tab-context&quot;><\/div><\/div>\n<\/div>\n\t\t\t\t<\/div>\n\t\t\t\t<div  class=\"ms-slide\" data-delay=\"3\" data-fill-mode=\"fill\"  >\n\t\t\t\t\t<img decoding=\"async\" src=\"https:\/\/yvi-tschischka.de\/wp-content\/plugins\/master-slider\/public\/assets\/css\/blank.gif\" alt=\"\" title=\"\" data-src=\"https:\/\/yvi-tschischka.de\/wp-content\/uploads\/2016\/02\/IMG_2354web.jpg\" \/>\n\n\n\t<div class=\"ms-thumb\" ><div class=\"ms-tab-context\"><div class=&quot;ms-tab-context&quot;><\/div><\/div>\n<\/div>\n\t\t\t\t<\/div>\n\t\t\t\t<div  class=\"ms-slide\" data-delay=\"3\" data-fill-mode=\"fill\"  >\n\t\t\t\t\t<img decoding=\"async\" src=\"https:\/\/yvi-tschischka.de\/wp-content\/plugins\/master-slider\/public\/assets\/css\/blank.gif\" alt=\"\" title=\"\" data-src=\"https:\/\/yvi-tschischka.de\/wp-content\/uploads\/2023\/11\/IMG_0203-scaled.jpg\" \/>\n\n\n\t<div class=\"ms-thumb\" ><div class=\"ms-tab-context\"><div class=&quot;ms-tab-context&quot;><\/div><\/div>\n<\/div>\n\t\t\t\t<\/div>\n\t\t\t\t<div  class=\"ms-slide\" data-delay=\"3\" data-fill-mode=\"fill\"  >\n\t\t\t\t\t<img decoding=\"async\" src=\"https:\/\/yvi-tschischka.de\/wp-content\/plugins\/master-slider\/public\/assets\/css\/blank.gif\" alt=\"\" title=\"\" data-src=\"https:\/\/yvi-tschischka.de\/wp-content\/uploads\/2025\/08\/IMG_9625-scaled.jpg\" \/>\n\n\n\t<div class=\"ms-thumb\" ><div class=\"ms-tab-context\"><div class=&quot;ms-tab-context&quot;><\/div><\/div>\n<\/div>\n\t\t\t\t<\/div>\n\t\t\t\t<div  class=\"ms-slide\" data-delay=\"3\" data-fill-mode=\"fill\"  >\n\t\t\t\t\t<img decoding=\"async\" src=\"https:\/\/yvi-tschischka.de\/wp-content\/plugins\/master-slider\/public\/assets\/css\/blank.gif\" alt=\"\" title=\"\" data-src=\"https:\/\/yvi-tschischka.de\/wp-content\/uploads\/2023\/08\/IMG_9061web.jpg\" \/>\n\n\n\t<div class=\"ms-thumb\" ><div class=\"ms-tab-context\"><div class=&quot;ms-tab-context&quot;><\/div><\/div>\n<\/div>\n\t\t\t\t<\/div>\n\t\t\t\t<div  class=\"ms-slide\" data-delay=\"3\" data-fill-mode=\"fill\"  >\n\t\t\t\t\t<img decoding=\"async\" src=\"https:\/\/yvi-tschischka.de\/wp-content\/plugins\/master-slider\/public\/assets\/css\/blank.gif\" alt=\"\" title=\"\" data-src=\"https:\/\/yvi-tschischka.de\/wp-content\/uploads\/2020\/12\/IMG_1539web.jpg\" \/>\n\n\n\t<div class=\"ms-thumb\" ><div class=\"ms-tab-context\"><div class=&quot;ms-tab-context&quot;><\/div><\/div>\n<\/div>\n\t\t\t\t<\/div>\n\t\t\t\t<div  class=\"ms-slide\" data-delay=\"3\" data-fill-mode=\"fill\"  >\n\t\t\t\t\t<img decoding=\"async\" src=\"https:\/\/yvi-tschischka.de\/wp-content\/plugins\/master-slider\/public\/assets\/css\/blank.gif\" alt=\"\" title=\"\" data-src=\"https:\/\/yvi-tschischka.de\/wp-content\/uploads\/2023\/11\/IMG_0362-1-scaled.jpg\" \/>\n\n\n\t<div class=\"ms-thumb\" ><div class=\"ms-tab-context\"><div class=&quot;ms-tab-context&quot;><\/div><\/div>\n<\/div>\n\t\t\t\t<\/div>\n\t\t\t\t<div  class=\"ms-slide\" data-delay=\"3\" data-fill-mode=\"fill\"  >\n\t\t\t\t\t<img decoding=\"async\" src=\"https:\/\/yvi-tschischka.de\/wp-content\/plugins\/master-slider\/public\/assets\/css\/blank.gif\" alt=\"\" title=\"\" data-src=\"https:\/\/yvi-tschischka.de\/wp-content\/uploads\/2019\/01\/IMG_1998.jpg\" \/>\n\n\n\t<div class=\"ms-thumb\" ><div class=\"ms-tab-context\"><div class=&quot;ms-tab-context&quot;><\/div><\/div>\n<\/div>\n\t\t\t\t<\/div>\n\t\t\t\t<div  class=\"ms-slide\" data-delay=\"3\" data-fill-mode=\"fill\"  >\n\t\t\t\t\t<img decoding=\"async\" src=\"https:\/\/yvi-tschischka.de\/wp-content\/plugins\/master-slider\/public\/assets\/css\/blank.gif\" alt=\"\" title=\"\" data-src=\"https:\/\/yvi-tschischka.de\/wp-content\/uploads\/2025\/08\/IMG_9938-scaled.jpg\" \/>\n\n\n\t<div class=\"ms-thumb\" ><div class=\"ms-tab-context\"><div class=&quot;ms-tab-context&quot;><\/div><\/div>\n<\/div>\n\t\t\t\t<\/div>\n\t\t\t\t<div  class=\"ms-slide\" data-delay=\"3\" data-fill-mode=\"fill\"  >\n\t\t\t\t\t<img decoding=\"async\" src=\"https:\/\/yvi-tschischka.de\/wp-content\/plugins\/master-slider\/public\/assets\/css\/blank.gif\" alt=\"\" title=\"\" data-src=\"https:\/\/yvi-tschischka.de\/wp-content\/uploads\/2016\/02\/IMG_4260web.jpg\" \/>\n\n\n\t<div class=\"ms-thumb\" ><div class=\"ms-tab-context\"><div class=&quot;ms-tab-context&quot;><\/div><\/div>\n<\/div>\n\t\t\t\t<\/div>\n\t\t\t\t<div  class=\"ms-slide\" data-delay=\"3\" data-fill-mode=\"fill\"  >\n\t\t\t\t\t<img decoding=\"async\" src=\"https:\/\/yvi-tschischka.de\/wp-content\/plugins\/master-slider\/public\/assets\/css\/blank.gif\" alt=\"\" title=\"\" data-src=\"https:\/\/yvi-tschischka.de\/wp-content\/uploads\/2022\/07\/IMG_0244web-scaled.jpg\" \/>\n\n\n\t<div class=\"ms-thumb\" ><div class=\"ms-tab-context\"><div class=&quot;ms-tab-context&quot;><\/div><\/div>\n<\/div>\n\t\t\t\t<\/div>\n\t\t\t\t<div  class=\"ms-slide\" data-delay=\"3\" data-fill-mode=\"fill\"  >\n\t\t\t\t\t<img decoding=\"async\" src=\"https:\/\/yvi-tschischka.de\/wp-content\/plugins\/master-slider\/public\/assets\/css\/blank.gif\" alt=\"\" title=\"\" data-src=\"https:\/\/yvi-tschischka.de\/wp-content\/uploads\/2019\/08\/IMG_9324web.jpg\" \/>\n\n\n\t<div class=\"ms-thumb\" ><div class=\"ms-tab-context\"><div class=&quot;ms-tab-context&quot;><\/div><\/div>\n<\/div>\n\t\t\t\t<\/div>\n\t\t\t\t<div  class=\"ms-slide\" data-delay=\"3\" data-fill-mode=\"fill\"  >\n\t\t\t\t\t<img decoding=\"async\" src=\"https:\/\/yvi-tschischka.de\/wp-content\/plugins\/master-slider\/public\/assets\/css\/blank.gif\" alt=\"\" title=\"\" data-src=\"https:\/\/yvi-tschischka.de\/wp-content\/uploads\/2019\/01\/IMG_7743.jpg\" \/>\n\n\n\t<div class=\"ms-thumb\" ><div class=\"ms-tab-context\"><div class=&quot;ms-tab-context&quot;><\/div><\/div>\n<\/div>\n\t\t\t\t<\/div>\n\n\t\t\t<\/div>\n\t\t\t<!-- END MasterSlider Main -->\n\n\t\t\t \n\t\t<\/div>\n\t\t<!-- END MasterSlider -->\n\n\t\t<script>\n\t\t(function ( $ ) {\n\t\t\t\"use strict\";\n\n\t\t\t$(function () {\n\t\t\t\tvar masterslider_d1a9 = new MasterSlider();\n\n\t\t\t\t\/\/ slider controls\n\t\t\t\tmasterslider_d1a9.control('bullets'    ,{ autohide:false, overVideo:true, dir:'h', align:'bottom' , margin:10  });\n\n\t\t\t\t\/\/ slider setup\n\t\t\t\tmasterslider_d1a9.setup(\"MS69e76df73d1a9\", {\n\t\t\t\t\t\twidth           : 1500,\n\t\t\t\t\t\theight          : 1000,\n\t\t\t\t\t\tminHeight       : 499,\n\t\t\t\t\t\tspace           : 0,\n\t\t\t\t\t\tstart           : 1,\n\t\t\t\t\t\tgrabCursor      : true,\n\t\t\t\t\t\tswipe           : true,\n\t\t\t\t\t\tmouse           : true,\n\t\t\t\t\t\tlayout          : \"boxed\",\n\t\t\t\t\t\twheel           : false,\n\t\t\t\t\t\tautoplay        : true,\n\t\t\t\t\t\tinstantStartLayers:false,\n\t\t\t\t\t\tloop            : false,\n\t\t\t\t\t\tshuffle         : false,\n\t\t\t\t\t\tpreload         : 0,\n\t\t\t\t\t\theightLimit     : true,\n\t\t\t\t\t\tautoHeight      : true,\n\t\t\t\t\t\tsmoothHeight    : true,\n\t\t\t\t\t\tendPause        : false,\n\t\t\t\t\t\toverPause       : false,\n\t\t\t\t\t\tfillMode        : \"fill\",\n\t\t\t\t\t\tcenterControls  : true,\n\t\t\t\t\t\tstartOnAppear   : false,\n\t\t\t\t\t\tlayersMode      : \"center\",\n\t\t\t\t\t\thideLayers      : false,\n\t\t\t\t\t\tfullscreenMargin: 0,\n\t\t\t\t\t\tspeed           : 10,\n\t\t\t\t\t\tdir             : \"h\",\n\t\t\t\t\t\tparallaxMode    : 'swipe',\n\t\t\t\t\t\tview            : \"fade\"\n\t\t\t\t});\n\n\t\t\t\t\n\t\t\t\twindow.masterslider_instances = window.masterslider_instances || [];\n\t\t\t\twindow.masterslider_instances.push( masterslider_d1a9 );\n\t\t\t });\n\n\t\t})(jQuery);\n\t\t<\/script>\n\n<\/span><\/p>\n\n\n\n<div class=\"wp-block-buttons is-layout-flex wp-block-buttons-is-layout-flex\"><\/div>\n\n\n\n<p><strong>Herzlich Willkommen!<\/strong><\/p>\n\n\n\n<p>Yvi Tschischka Photography \u2013 das ist emotionale Fotografie aus Unterfranken im sch\u00f6nen Bayern!<\/p>\n\n\n\n<p>Ich m\u00f6chte gemeinsam mit Dir tolle Momente erleben und diese f\u00fcr immer in einzigartigen Bildern festhalten! Alle wichtigen Infos und Preise findest du hier:&nbsp;<\/p>\n\n\n\n<div class=\"wp-block-columns is-layout-flex wp-container-core-columns-is-layout-1 wp-block-columns-is-layout-flex\">\n<div class=\"wp-block-column is-layout-flow wp-block-column-is-layout-flow\">\n<p class=\"has-text-align-center\"><img loading=\"lazy\" decoding=\"async\" width=\"150\" height=\"150\" class=\"wp-image-3028\" style=\"width: 150px;\" src=\"https:\/\/yvi-tschischka.de\/wp-content\/uploads\/2025\/04\/preis5.png\" alt=\"\" srcset=\"https:\/\/yvi-tschischka.de\/wp-content\/uploads\/2025\/04\/preis5.png 842w, https:\/\/yvi-tschischka.de\/wp-content\/uploads\/2025\/04\/preis5-300x300.png 300w, https:\/\/yvi-tschischka.de\/wp-content\/uploads\/2025\/04\/preis5-150x150.png 150w, https:\/\/yvi-tschischka.de\/wp-content\/uploads\/2025\/04\/preis5-768x768.png 768w, https:\/\/yvi-tschischka.de\/wp-content\/uploads\/2025\/04\/preis5-600x600.png 600w, https:\/\/yvi-tschischka.de\/wp-content\/uploads\/2025\/04\/preis5-100x100.png 100w\" sizes=\"auto, (max-width: 150px) 100vw, 150px\" \/><\/p>\n\n\n\n<div class=\"wp-block-buttons is-content-justification-center is-layout-flex wp-container-core-buttons-is-layout-2 wp-block-buttons-is-layout-flex\">\n<div class=\"wp-block-button\"><a class=\"wp-block-button__link wp-element-button\" href=\"https:\/\/yvi-tschischka.de\/index.php\/info\/preise\/\">Tierfotografie<\/a><\/div>\n<\/div>\n<\/div>\n\n\n\n<div class=\"wp-block-column is-layout-flow wp-block-column-is-layout-flow\">\n<p class=\"has-text-align-center\"><img loading=\"lazy\" decoding=\"async\" width=\"150\" height=\"150\" class=\"wp-image-3037\" style=\"width: 150px;\" src=\"https:\/\/yvi-tschischka.de\/wp-content\/uploads\/2025\/04\/preis12.png\" alt=\"\" srcset=\"https:\/\/yvi-tschischka.de\/wp-content\/uploads\/2025\/04\/preis12.png 842w, https:\/\/yvi-tschischka.de\/wp-content\/uploads\/2025\/04\/preis12-300x300.png 300w, https:\/\/yvi-tschischka.de\/wp-content\/uploads\/2025\/04\/preis12-150x150.png 150w, https:\/\/yvi-tschischka.de\/wp-content\/uploads\/2025\/04\/preis12-768x768.png 768w, https:\/\/yvi-tschischka.de\/wp-content\/uploads\/2025\/04\/preis12-600x600.png 600w, https:\/\/yvi-tschischka.de\/wp-content\/uploads\/2025\/04\/preis12-100x100.png 100w\" sizes=\"auto, (max-width: 150px) 100vw, 150px\" \/><\/p>\n\n\n\n<div class=\"wp-block-buttons is-content-justification-center is-layout-flex wp-container-core-buttons-is-layout-3 wp-block-buttons-is-layout-flex\">\n<div class=\"wp-block-button\"><a class=\"wp-block-button__link wp-element-button\" href=\"https:\/\/yvi-tschischka.de\/index.php\/portrait-paarfotografie\/\">Portrait- &amp; Paarfotografie<\/a><\/div>\n<\/div>\n<\/div>\n\n\n\n<div class=\"wp-block-column is-layout-flow wp-block-column-is-layout-flow\">\n<p class=\"has-text-align-center\"><img loading=\"lazy\" decoding=\"async\" width=\"150\" height=\"150\" class=\"wp-image-3064\" style=\"width: 150px;\" src=\"https:\/\/yvi-tschischka.de\/wp-content\/uploads\/2025\/04\/preis2.png\" alt=\"\" srcset=\"https:\/\/yvi-tschischka.de\/wp-content\/uploads\/2025\/04\/preis2.png 842w, https:\/\/yvi-tschischka.de\/wp-content\/uploads\/2025\/04\/preis2-300x300.png 300w, https:\/\/yvi-tschischka.de\/wp-content\/uploads\/2025\/04\/preis2-150x150.png 150w, https:\/\/yvi-tschischka.de\/wp-content\/uploads\/2025\/04\/preis2-768x768.png 768w, https:\/\/yvi-tschischka.de\/wp-content\/uploads\/2025\/04\/preis2-600x600.png 600w, https:\/\/yvi-tschischka.de\/wp-content\/uploads\/2025\/04\/preis2-100x100.png 100w\" sizes=\"auto, (max-width: 150px) 100vw, 150px\" \/><\/p>\n\n\n\n<div class=\"wp-block-buttons is-content-justification-center is-layout-flex wp-container-core-buttons-is-layout-4 wp-block-buttons-is-layout-flex\">\n<div class=\"wp-block-button\"><a class=\"wp-block-button__link wp-element-button\" href=\"https:\/\/yvi-tschischka-wedding.de\">Hochzeitsfotografie<\/a><\/div>\n<\/div>\n<\/div>\n\n\n\n<div class=\"wp-block-column is-layout-flow wp-block-column-is-layout-flow\">\n<p class=\"has-text-align-center\"><img loading=\"lazy\" decoding=\"async\" width=\"150\" height=\"150\" class=\"wp-image-3047\" style=\"width: 150px;\" src=\"https:\/\/yvi-tschischka.de\/wp-content\/uploads\/2025\/04\/preis16.png\" alt=\"\" srcset=\"https:\/\/yvi-tschischka.de\/wp-content\/uploads\/2025\/04\/preis16.png 842w, https:\/\/yvi-tschischka.de\/wp-content\/uploads\/2025\/04\/preis16-300x300.png 300w, https:\/\/yvi-tschischka.de\/wp-content\/uploads\/2025\/04\/preis16-150x150.png 150w, https:\/\/yvi-tschischka.de\/wp-content\/uploads\/2025\/04\/preis16-768x768.png 768w, https:\/\/yvi-tschischka.de\/wp-content\/uploads\/2025\/04\/preis16-600x600.png 600w, https:\/\/yvi-tschischka.de\/wp-content\/uploads\/2025\/04\/preis16-100x100.png 100w\" sizes=\"auto, (max-width: 150px) 100vw, 150px\" \/><\/p>\n\n\n\n<div class=\"wp-block-buttons is-content-justification-center is-layout-flex wp-container-core-buttons-is-layout-5 wp-block-buttons-is-layout-flex\">\n<div class=\"wp-block-button\"><a class=\"wp-block-button__link wp-element-button\" href=\"https:\/\/yvi-tschischka.de\/index.php\/info\/coachings\/\">Coachings<\/a><\/div>\n<\/div>\n<\/div>\n\n\n\n<div class=\"wp-block-column is-layout-flow wp-block-column-is-layout-flow\">\n<p class=\"has-text-align-center\"><img loading=\"lazy\" decoding=\"async\" width=\"150\" height=\"150\" class=\"wp-image-3055\" style=\"width: 150px;\" src=\"https:\/\/yvi-tschischka.de\/wp-content\/uploads\/2025\/04\/preis17.png\" alt=\"\" srcset=\"https:\/\/yvi-tschischka.de\/wp-content\/uploads\/2025\/04\/preis17.png 842w, https:\/\/yvi-tschischka.de\/wp-content\/uploads\/2025\/04\/preis17-300x300.png 300w, https:\/\/yvi-tschischka.de\/wp-content\/uploads\/2025\/04\/preis17-150x150.png 150w, https:\/\/yvi-tschischka.de\/wp-content\/uploads\/2025\/04\/preis17-768x768.png 768w, https:\/\/yvi-tschischka.de\/wp-content\/uploads\/2025\/04\/preis17-600x600.png 600w, https:\/\/yvi-tschischka.de\/wp-content\/uploads\/2025\/04\/preis17-100x100.png 100w\" sizes=\"auto, (max-width: 150px) 100vw, 150px\" \/><\/p>\n\n\n\n<div class=\"wp-block-buttons is-content-justification-center is-layout-flex wp-container-core-buttons-is-layout-6 wp-block-buttons-is-layout-flex\">\n<div class=\"wp-block-button\"><a class=\"wp-block-button__link has-text-align-center wp-element-button\">B2B<\/a><\/div>\n<\/div>\n<\/div>\n<\/div>\n\n\n\n<p>Auch Weiterbildung ist bei mir m\u00f6glich! Ich biete Coachings, Workshops und Online-Kurse f\u00fcr Fotografen an! Alle M\u00f6glichkeiten dazu findest du hier:&nbsp;<a href=\"http:\/\/yvi-tschischka.de\/index.php\/info\/coachings\/\">Coachings<\/a><\/p>\n\n\n\n<p>Buchungen bitte per Mail an: <a href=\"mailto:info@yvi-tschischka.de\">info@yvi-tschischka.de<\/a><\/p>\n\n\n\n<p>Viel Spa\u00df beim Umsehen auf meiner Seite!<\/p>\n\n\n\n<p><\/p>\n","protected":false},"excerpt":{"rendered":"<p>Herzlich Willkommen! Yvi Tschischka Photography \u2013 das ist emotionale Fotografie aus Unterfranken im sch\u00f6nen Bayern! Ich m\u00f6chte gemeinsam mit Dir tolle Momente erleben und diese f\u00fcr immer in einzigartigen Bildern festhalten! Alle wichtigen Infos und Preise findest du hier:&nbsp; Auch Weiterbildung ist bei mir m\u00f6glich! Ich biete Coachings, Workshops und Online-Kurse f\u00fcr Fotografen an! Alle [&hellip;]<\/p>\n","protected":false},"author":1,"featured_media":0,"parent":0,"menu_order":0,"comment_status":"closed","ping_status":"open","template":"","meta":{"footnotes":"","_links_to":"","_links_to_target":""},"class_list":["post-2","page","type-page","status-publish","hentry"],"blocksy_meta":{"styles_descriptor":{"styles":{"desktop":"","tablet":"","mobile":""},"google_fonts":[]}},"jetpack_sharing_enabled":true,"_links":{"self":[{"href":"https:\/\/yvi-tschischka.de\/index.php\/wp-json\/wp\/v2\/pages\/2","targetHints":{"allow":["GET"]}}],"collection":[{"href":"https:\/\/yvi-tschischka.de\/index.php\/wp-json\/wp\/v2\/pages"}],"about":[{"href":"https:\/\/yvi-tschischka.de\/index.php\/wp-json\/wp\/v2\/types\/page"}],"author":[{"embeddable":true,"href":"https:\/\/yvi-tschischka.de\/index.php\/wp-json\/wp\/v2\/users\/1"}],"replies":[{"embeddable":true,"href":"https:\/\/yvi-tschischka.de\/index.php\/wp-json\/wp\/v2\/comments?post=2"}],"version-history":[{"count":41,"href":"https:\/\/yvi-tschischka.de\/index.php\/wp-json\/wp\/v2\/pages\/2\/revisions"}],"predecessor-version":[{"id":3065,"href":"https:\/\/yvi-tschischka.de\/index.php\/wp-json\/wp\/v2\/pages\/2\/revisions\/3065"}],"wp:attachment":[{"href":"https:\/\/yvi-tschischka.de\/index.php\/wp-json\/wp\/v2\/media?parent=2"}],"curies":[{"name":"wp","href":"https:\/\/api.w.org\/{rel}","templated":true}]}}