{"id":2161,"date":"2021-09-12T18:59:09","date_gmt":"2021-09-12T16:59:09","guid":{"rendered":"https:\/\/yvi-tschischka.de\/?post_type=product&#038;p=2161"},"modified":"2025-11-02T23:51:20","modified_gmt":"2025-11-02T22:51:20","slug":"lightroom-presets-autumn-vol-2-0","status":"publish","type":"product","link":"http:\/\/yvi-tschischka.de\/index.php\/produkt\/lightroom-presets-autumn-vol-2-0\/","title":{"rendered":"Lightroom Presets Autumn Vol. 2.0"},"content":{"rendered":"","protected":false},"excerpt":{"rendered":"<p>Die bei euch beliebtesten Presets aus meinem Shop gehen in die zweite Runde!<br \/>\nIch habe f\u00fcr euch passend zur kommenden Jahreszeit eine Vol. 2.0 meiner Autumn Presets erstellt! \ud83d\ude42<\/p>\n<p>Meine Lightroom Presets nutze ich vor allem zur Grundoptimierung der Fotos, die meine Kunden in ihrer Vorschaugalerie sehen werden. Diese erste Optimierung ist eine tolle Grundlage f\u00fcr die sp\u00e4tere Bearbeitung in Photoshop und eine super Erg\u00e4nzung zu meinen\u00a0<a href=\"http:\/\/yvi-tschischka.de\/index.php\/produkt\/photoshop-aktionen\/\" target=\"_blank\" rel=\"noopener noreferrer\">Photoshop Aktionen<\/a>! Also der Grundstein meiner Bildbearbeitung!<\/p>\n<p>Das Bundle enth\u00e4lt 15 Presets:<br \/>\n\u2013 amber<br \/>\n\u2013 blue hour<br \/>\n\u2013 chestnut<br \/>\n\u2013 chilly<br \/>\n\u2013 cold day<br \/>\n\u2013 comfy<br \/>\n\u2013 earthy<br \/>\n\u2013 fresh morning<br \/>\n\u2013 indian summer<br \/>\n\u2013 magic of fall<br \/>\n\u2013 pumpkin pie<br \/>\n\u2013 rainy<br \/>\n\u2013 sand<br \/>\n\u2013 september day<br \/>\n\u2013 sund &amp; dust<\/p>\n<p>Im Download sind 2(!) Versionen der Presets vorhanden. Nutzt du Lightroom CC, nutze die Dateien aus &#8222;YT_LR_Presets_autumn_II&#8220;.<br \/>\nNutzt du eine \u00e4ltere Lightroomversion (zb. Lightroom 6), dann nutze die Dateien aus &#8222;YT_LR_Presets_autumn_II_alte_Versionen&#8220;.<\/p>\n","protected":false},"featured_media":2168,"comment_status":"open","ping_status":"closed","template":"","meta":{"_links_to":"","_links_to_target":""},"product_cat":[17],"product_tag":[],"class_list":["post-2161","product","type-product","status-publish","has-post-thumbnail","hentry","product_cat-unkategorisiert"],"jetpack_sharing_enabled":true,"_links":{"self":[{"href":"http:\/\/yvi-tschischka.de\/index.php\/wp-json\/wp\/v2\/product\/2161","targetHints":{"allow":["GET"]}}],"collection":[{"href":"http:\/\/yvi-tschischka.de\/index.php\/wp-json\/wp\/v2\/product"}],"about":[{"href":"http:\/\/yvi-tschischka.de\/index.php\/wp-json\/wp\/v2\/types\/product"}],"replies":[{"embeddable":true,"href":"http:\/\/yvi-tschischka.de\/index.php\/wp-json\/wp\/v2\/comments?post=2161"}],"wp:featuredmedia":[{"embeddable":true,"href":"http:\/\/yvi-tschischka.de\/index.php\/wp-json\/wp\/v2\/media\/2168"}],"wp:attachment":[{"href":"http:\/\/yvi-tschischka.de\/index.php\/wp-json\/wp\/v2\/media?parent=2161"}],"wp:term":[{"taxonomy":"product_cat","embeddable":true,"href":"http:\/\/yvi-tschischka.de\/index.php\/wp-json\/wp\/v2\/product_cat?post=2161"},{"taxonomy":"product_tag","embeddable":true,"href":"http:\/\/yvi-tschischka.de\/index.php\/wp-json\/wp\/v2\/product_tag?post=2161"}],"curies":[{"name":"wp","href":"https:\/\/api.w.org\/{rel}","templated":true}]}}