{"id":1969,"date":"2021-04-02T09:45:31","date_gmt":"2021-04-02T07:45:31","guid":{"rendered":"http:\/\/yvi-tschischka.de\/?post_type=product&#038;p=1969"},"modified":"2024-04-16T00:05:32","modified_gmt":"2024-04-15T22:05:32","slug":"lightroom-presets-nature","status":"publish","type":"product","link":"http:\/\/yvi-tschischka.de\/index.php\/produkt\/lightroom-presets-nature\/","title":{"rendered":"Lightroom Presets Nature"},"content":{"rendered":"","protected":false},"excerpt":{"rendered":"<p>Diese Presets sind ein Nature-Special \u2013 mit ihnen k\u00f6nnt ihr super easy mit nur einem Klick nat\u00fcrliche Farbstimmungen in eure Bilder zaubern!<\/p>\n<p>Meine Lightroom Presets nutze ich vor allem zur Grundoptimierung der Fotos, die meine Kunden in ihrer Vorschaugalerie sehen werden. Diese erste Optimierung ist eine tolle Grundlage f\u00fcr die sp\u00e4tere Bearbeitung in Photoshop und eine super Erg\u00e4nzung zu meinen\u00a0<a href=\"http:\/\/yvi-tschischka.de\/index.php\/produkt\/photoshop-aktionen\/\" target=\"_blank\" rel=\"noopener noreferrer\">Photoshop Aktionen<\/a>! Also der Grundstein meiner Bildbearbeitung!<\/p>\n<p>Das Bundle enth\u00e4lt 15 Presets:<br \/>\n\u2013 Beige<br \/>\n\u2013 Beige_II<br \/>\n\u2013 Brown<br \/>\n\u2013 Coconut<br \/>\n\u2013 Coffee_Cup<br \/>\n\u2013 Dark_Green<br \/>\n\u2013 Fields<br \/>\n\u2013 Good_Green<br \/>\n\u2013 Hazel<br \/>\n\u2013 Lower_Light<br \/>\n\u2013 Pastell<br \/>\n\u2013 Summer_Day<br \/>\n\u2013 Summer_Evening<br \/>\n\u2013 Sundown<br \/>\n\u2013 Vintage<\/p>\n<p>Im Download sind 2(!) Versionen der Presets vorhanden. Nutzt du Lightroom CC, nutze die Dateien aus &#8222;CC&#8220;.<br \/>\nNutzt du eine \u00e4ltere Lightroomversion (zb. Lightroom 6), dann nutze die Dateien aus &#8222;alte_Versionen&#8220;.<\/p>\n","protected":false},"featured_media":1970,"comment_status":"open","ping_status":"closed","template":"","meta":{"_links_to":"","_links_to_target":""},"product_cat":[17],"product_tag":[],"class_list":["post-1969","product","type-product","status-publish","has-post-thumbnail","hentry","product_cat-unkategorisiert"],"jetpack_sharing_enabled":true,"_links":{"self":[{"href":"http:\/\/yvi-tschischka.de\/index.php\/wp-json\/wp\/v2\/product\/1969","targetHints":{"allow":["GET"]}}],"collection":[{"href":"http:\/\/yvi-tschischka.de\/index.php\/wp-json\/wp\/v2\/product"}],"about":[{"href":"http:\/\/yvi-tschischka.de\/index.php\/wp-json\/wp\/v2\/types\/product"}],"replies":[{"embeddable":true,"href":"http:\/\/yvi-tschischka.de\/index.php\/wp-json\/wp\/v2\/comments?post=1969"}],"wp:featuredmedia":[{"embeddable":true,"href":"http:\/\/yvi-tschischka.de\/index.php\/wp-json\/wp\/v2\/media\/1970"}],"wp:attachment":[{"href":"http:\/\/yvi-tschischka.de\/index.php\/wp-json\/wp\/v2\/media?parent=1969"}],"wp:term":[{"taxonomy":"product_cat","embeddable":true,"href":"http:\/\/yvi-tschischka.de\/index.php\/wp-json\/wp\/v2\/product_cat?post=1969"},{"taxonomy":"product_tag","embeddable":true,"href":"http:\/\/yvi-tschischka.de\/index.php\/wp-json\/wp\/v2\/product_tag?post=1969"}],"curies":[{"name":"wp","href":"https:\/\/api.w.org\/{rel}","templated":true}]}}