{"id":1438,"date":"2020-03-20T11:21:38","date_gmt":"2020-03-20T10:21:38","guid":{"rendered":"http:\/\/yvi-tschischka.de\/?post_type=product&#038;p=1438"},"modified":"2024-04-16T00:05:32","modified_gmt":"2024-04-15T22:05:32","slug":"lightroom-presets-ii","status":"publish","type":"product","link":"http:\/\/yvi-tschischka.de\/index.php\/produkt\/lightroom-presets-ii\/","title":{"rendered":"Lightroom Presets II"},"content":{"rendered":"","protected":false},"excerpt":{"rendered":"<p>Da Vol. 1 meiner Presets so unglaublich gut bei euch ankam, geht es nun in die zweite Runde!<\/p>\n<p>Meine Lightroom Presets nutze ich vor allem zur Grundoptimierung der Fotos, die meine Kunden in ihrer Vorschaugalerie sehen werden. Diese erste Optimierung ist eine tolle Grundlage f\u00fcr die sp\u00e4tere Bearbeitung in Photoshop und eine super Erg\u00e4nzung zu meinen\u00a0<a href=\"http:\/\/yvi-tschischka.de\/index.php\/produkt\/photoshop-aktionen\/\" target=\"_blank\" rel=\"noopener noreferrer\">Photoshop Aktionen<\/a>! Also der Grundstein meiner Bildbearbeitung!<\/p>\n<p>Das Bundle enth\u00e4lt 15 Presets:<br \/>\n\u2013 beautiful_day<br \/>\n\u2013 brownie<br \/>\n\u2013 cool_day<br \/>\n\u2013 cool_to_warm<br \/>\n\u2013 dark_light<br \/>\n\u2013 hard_light<br \/>\n\u2013 lovely_sunset<br \/>\n\u2013 moody_pastell<br \/>\n\u2013 pastell_summer_1<br \/>\n\u2013 pastell_summer_2<br \/>\n\u2013 soft_beige_1<br \/>\n\u2013 soft_beige_2<br \/>\n\u2013 soft_light<br \/>\n\u2013 summer_shadow<br \/>\n\u2013 sweet_sunset<\/p>\n<p>Im Download sind 2(!) Versionen der Presets vorhanden. Nutzt du Lightroom CC, nutze die Dateien aus &#8222;YT_LR_Presets_II_CC&#8220;.<br \/>\nNutzt du eine \u00e4ltere Lightroomversion (zb. Lightroom 6), dann nutze die Dateien aus &#8222;YT_LR_Presets_II_alte_Versionen&#8220;.<\/p>\n","protected":false},"featured_media":1940,"comment_status":"open","ping_status":"closed","template":"","meta":{"_links_to":"","_links_to_target":""},"product_cat":[17],"product_tag":[],"class_list":["post-1438","product","type-product","status-publish","has-post-thumbnail","hentry","product_cat-unkategorisiert"],"jetpack_sharing_enabled":true,"_links":{"self":[{"href":"http:\/\/yvi-tschischka.de\/index.php\/wp-json\/wp\/v2\/product\/1438","targetHints":{"allow":["GET"]}}],"collection":[{"href":"http:\/\/yvi-tschischka.de\/index.php\/wp-json\/wp\/v2\/product"}],"about":[{"href":"http:\/\/yvi-tschischka.de\/index.php\/wp-json\/wp\/v2\/types\/product"}],"replies":[{"embeddable":true,"href":"http:\/\/yvi-tschischka.de\/index.php\/wp-json\/wp\/v2\/comments?post=1438"}],"wp:featuredmedia":[{"embeddable":true,"href":"http:\/\/yvi-tschischka.de\/index.php\/wp-json\/wp\/v2\/media\/1940"}],"wp:attachment":[{"href":"http:\/\/yvi-tschischka.de\/index.php\/wp-json\/wp\/v2\/media?parent=1438"}],"wp:term":[{"taxonomy":"product_cat","embeddable":true,"href":"http:\/\/yvi-tschischka.de\/index.php\/wp-json\/wp\/v2\/product_cat?post=1438"},{"taxonomy":"product_tag","embeddable":true,"href":"http:\/\/yvi-tschischka.de\/index.php\/wp-json\/wp\/v2\/product_tag?post=1438"}],"curies":[{"name":"wp","href":"https:\/\/api.w.org\/{rel}","templated":true}]}}