{"id":1254,"date":"2019-12-14T17:25:29","date_gmt":"2019-12-14T16:25:29","guid":{"rendered":"http:\/\/yvi-tschischka.de\/?post_type=product&#038;p=1254"},"modified":"2024-04-16T00:05:32","modified_gmt":"2024-04-15T22:05:32","slug":"yt-story-sticker-ii","status":"publish","type":"product","link":"http:\/\/yvi-tschischka.de\/index.php\/produkt\/yt-story-sticker-ii\/","title":{"rendered":"YT Story Sticker II"},"content":{"rendered":"","protected":false},"excerpt":{"rendered":"<p>Du m\u00f6chtest deine Instagram Story aufpeppen? Die Vorgaben in der App sind die zu langweilig oder du findest nie das Richtige f\u00fcr deinen Inhalt?<br \/>\nDann habe ich hier die L\u00f6sung f\u00fcr dich! Meine Story Sticker k\u00f6nnt ihr ganz einfach mit iOS und Android verwenden (Anleitung s. unten).<\/p>\n<p>In diesem Pack findet ihr 40 Sticker, die ihr frei f\u00fcr eure Storys nutzen k\u00f6nnt.<\/p>\n<p><em><strong>Schriftz\u00fcge<\/strong> (in tlw. verschiedenen Ausf\u00fchrungen):<\/em>\u00a0good morning, happy Day, love my boy, love my girl, love my horse, have a nice day, #Ponyliebe, #Pferdeliebe, you &amp; me, sweet dreams<\/p>\n<p><em><strong>Symbole<\/strong><\/em>: Herz, Hufeisen, diverse Hintergr\u00fcnde<\/p>\n<p><em>Anleitung iOS:<\/em><\/p>\n<ol>\n<li><span>Noch bevor du dir die Story Sticker herunterl\u00e4dst, lade dir eine App zum entpacken herunter (zb. kostenlos: &#8222;Unzip&#8220;)<\/span><span>. Auf dem iPhone ben\u00f6tigst du diese App, um die Sticker f\u00fcr deine Instagram Story verwenden zu k\u00f6nnen!<\/span><\/li>\n<li>Jetzt kannst du die Sticker herunterladen und in der App Unzip abspeichern. Gehe auf \u201cBearbeiten\u201d und w\u00e4hle alle Dateien mit dem H\u00e4kchen links oben aus. In der unteren Leiste findest du in der Mitte den Button f\u00fcr das Entpacken der Dateien. Klicke auf den Button um die Sticker in deinen Aufnahmen abzuspeichern. Du kannst die Sticker auch erst in deinen Dateien abspeichern und sp\u00e4ter \u00fcber &#8222;Teilen&#8220; in Unzip \u00f6ffnen und entpacken. Ich habe meine Sticker dann in ein separates Fotoalbum verschoben, damit es \u00fcbersichtlicher bleibt.<\/li>\n<li>Erstelle wie gewohnt eine Insta-Story \u2013 aber schicke sie noch nicht ab!<\/li>\n<li>Wechsle nun in die App &#8222;Fotos&#8220; und in das Album, in dem deine Sticker abgelegt sind. W\u00e4hle den Sticker aus, den du verwenden m\u00f6chtest, w\u00e4hle ihn aus und tippe auf &#8222;Foto kopieren&#8220;.<\/li>\n<li><span><span>Wechsle jetzt wieder zu Instagram in deine Story und links unten erscheint die Meldung \u201cSticker hinzuf\u00fcgen\u201d. Sollte diese nicht erscheinen, kannst du alternativ einfach auf deine Story-Aufnahme klicken und den Sticker einf\u00fcgen.<\/span><\/span><\/li>\n<li>Jetzt musst du den Sticker nur noch skalieren und richtig positionieren \u2013 fertig \ud83d\ude42<\/li>\n<\/ol>\n<hr \/>\n<p><em>Anleitung Android:<\/em><\/p>\n<ol>\n<li><span>Noch bevor du dir die Story Sticker herunterl\u00e4dst, lade dir eine App zum entpacken herunter (zb. kostenlos: &#8222;RAR&#8220;)<\/span><span>. Auf dem Android-Phone ben\u00f6tigst du diese App, um die Sticker f\u00fcr deine Instagram Story verwenden zu k\u00f6nnen!<\/span><\/li>\n<li>Jetzt kannst du die Sticker herunterladen <span>und in der App RAR abspeichern. Klicke auf das K\u00e4stchen neben dem ZIP-Ordner und entpacke die Dateien. Die Sticker sind nun in der Galerie gespeichert.<\/span><\/li>\n<li><span>Du ben\u00f6tigst nun die <\/span>Tastatur \u201cSwiftkey\u201d<span><span>. F\u00fcge sie zu deinen verwendeten Tastaturen hinzu. Nimm nun wie gewohnt deine Insta-Story auf.<\/span><\/span><\/li>\n<li><span>W\u00e4hle nun in Instagram die Tastatur \u201cSwiftkey\u201d aus und tippe auf das Emoji-Icon, w\u00e4hle das Pin Symbol aus und klicke auf den Button \u201cErstellen\u201d.<br \/>\n<\/span><\/li>\n<li><span>W\u00e4hle nun den Sticker deiner Wahl aus \u2013 j<\/span>etzt musst du den Sticker nur noch skalieren und richtig positionieren \u2013 fertig \ud83d\ude42<\/li>\n<\/ol>\n","protected":false},"featured_media":1255,"comment_status":"open","ping_status":"closed","template":"","meta":{"_links_to":"","_links_to_target":""},"product_cat":[17],"product_tag":[],"class_list":["post-1254","product","type-product","status-publish","has-post-thumbnail","hentry","product_cat-unkategorisiert"],"jetpack_sharing_enabled":true,"_links":{"self":[{"href":"http:\/\/yvi-tschischka.de\/index.php\/wp-json\/wp\/v2\/product\/1254","targetHints":{"allow":["GET"]}}],"collection":[{"href":"http:\/\/yvi-tschischka.de\/index.php\/wp-json\/wp\/v2\/product"}],"about":[{"href":"http:\/\/yvi-tschischka.de\/index.php\/wp-json\/wp\/v2\/types\/product"}],"replies":[{"embeddable":true,"href":"http:\/\/yvi-tschischka.de\/index.php\/wp-json\/wp\/v2\/comments?post=1254"}],"wp:featuredmedia":[{"embeddable":true,"href":"http:\/\/yvi-tschischka.de\/index.php\/wp-json\/wp\/v2\/media\/1255"}],"wp:attachment":[{"href":"http:\/\/yvi-tschischka.de\/index.php\/wp-json\/wp\/v2\/media?parent=1254"}],"wp:term":[{"taxonomy":"product_cat","embeddable":true,"href":"http:\/\/yvi-tschischka.de\/index.php\/wp-json\/wp\/v2\/product_cat?post=1254"},{"taxonomy":"product_tag","embeddable":true,"href":"http:\/\/yvi-tschischka.de\/index.php\/wp-json\/wp\/v2\/product_tag?post=1254"}],"curies":[{"name":"wp","href":"https:\/\/api.w.org\/{rel}","templated":true}]}}