{"id":5,"date":"2016-02-22T14:30:42","date_gmt":"2016-02-22T13:30:42","guid":{"rendered":"http:\/\/yvi-tschischka.de\/?page_id=5"},"modified":"2025-08-20T17:18:37","modified_gmt":"2025-08-20T15:18:37","slug":"about","status":"publish","type":"page","link":"http:\/\/yvi-tschischka.de\/index.php\/about\/","title":{"rendered":"about"},"content":{"rendered":"\n<div class=\"wp-block-media-text is-stacked-on-mobile is-vertically-aligned-top\" style=\"grid-template-columns:28% auto\"><figure class=\"wp-block-media-text__media\"><img loading=\"lazy\" decoding=\"async\" width=\"683\" height=\"1024\" src=\"https:\/\/yvi-tschischka.de\/wp-content\/uploads\/2025\/08\/IMG_1057-683x1024.jpg\" alt=\"\" class=\"wp-image-3099 size-full\" srcset=\"http:\/\/yvi-tschischka.de\/wp-content\/uploads\/2025\/08\/IMG_1057-683x1024.jpg 683w, http:\/\/yvi-tschischka.de\/wp-content\/uploads\/2025\/08\/IMG_1057-200x300.jpg 200w, http:\/\/yvi-tschischka.de\/wp-content\/uploads\/2025\/08\/IMG_1057-768x1152.jpg 768w, http:\/\/yvi-tschischka.de\/wp-content\/uploads\/2025\/08\/IMG_1057-1024x1536.jpg 1024w, http:\/\/yvi-tschischka.de\/wp-content\/uploads\/2025\/08\/IMG_1057-1365x2048.jpg 1365w, http:\/\/yvi-tschischka.de\/wp-content\/uploads\/2025\/08\/IMG_1057-600x900.jpg 600w, http:\/\/yvi-tschischka.de\/wp-content\/uploads\/2025\/08\/IMG_1057-40x60.jpg 40w, http:\/\/yvi-tschischka.de\/wp-content\/uploads\/2025\/08\/IMG_1057-60x90.jpg 60w, http:\/\/yvi-tschischka.de\/wp-content\/uploads\/2025\/08\/IMG_1057-scaled.jpg 1707w\" sizes=\"auto, (max-width: 683px) 100vw, 683px\" \/><\/figure><div class=\"wp-block-media-text__content\">\n<h1 class=\"wp-block-heading has-palette-color-1-color has-text-color has-link-color wp-elements-b3996f9211999808fc0d6a923310542b\"><em>\u00fcber mich<\/em><\/h1>\n\n\n\n<p><strong>Hey Du, ich bin Yvi!<\/strong><br>Fotografin aus Leidenschaft, Jahrgang 1991, und gl\u00fccklich zuhause im sch\u00f6nen R\u00f6delsee in Unterfranken\/Bayern.<\/p>\n\n\n\n<h1 class=\"wp-block-heading has-palette-color-1-color has-text-color has-link-color wp-elements-94d879b794e336aad984850943acf337\"><em>meine Liebe zur Fotografie<\/em><\/h1>\n\n\n\n<p>Meine Leidenschaft f\u00fcr die Fotografie begann fr\u00fch: Mit 15 Jahren hatte ich die Kamera praktisch st\u00e4ndig in der Hand \u2013 und ehrlich gesagt seitdem nie wieder weggelegt. Was mich an der Fotografie fasziniert? Die kreative Freiheit, echte Emotionen einzufangen und Momente f\u00fcr die Ewigkeit festzuhalten.<\/p>\n\n\n\n<p>Ich liebe nat\u00fcrliche, ungestellte Bilder. Echtes Lachen, echte Gef\u00fchle \u2013 genau darum geht es mir. Ich m\u00f6chte die besonderen Augenblicke einfangen, die man nicht planen kann, sondern einfach erlebt.<\/p>\n\n\n\n<h1 class=\"wp-block-heading has-palette-color-1-color has-text-color has-link-color wp-elements-460a0b77480eb684d904617217cbce31\"><em>was meine Bilder besonders macht<\/em><\/h1>\n\n\n\n<p>Ich glaube daran, dass die sch\u00f6nsten Aufnahmen entstehen, wenn wir ganz bei uns sind.<br>Echtes Lachen, leuchtende Augen, kleine Gesten voller Liebe \u2013 genau diese echten Emotionen will ich mit meiner Kamera f\u00fcr dich festhalten.<br>Ob alleine, mit deinem Partner, deiner Familie oder deinem treuen Vierbeiner: Ich schaffe eine Atmosph\u00e4re, in der du dich fallen lassen kannst. Ganz ohne Druck, ganz ohne steife Posen. Einfach echt!<\/p>\n\n\n\n<h1 class=\"wp-block-heading has-palette-color-1-color has-text-color has-link-color wp-elements-87611dc2576ba8b8788fb62ba2439106\"><em>was dich bei mir erwartet<\/em><\/h1>\n\n\n\n<p>W\u00e4hrend meiner Shootings und Coachings stehen zwei Dinge immer im Mittelpunkt:&nbsp;<strong>Ruhe<\/strong>&nbsp;und&nbsp;<strong>Verst\u00e4ndnis<\/strong>.<br>Ich nehme mir Zeit f\u00fcr dich. Ich m\u00f6chte, dass du dich wohl und sicher f\u00fchlst. Keine Hektik, kein Stress.<\/p>\n\n\n\n<p>Denn genau dann entstehen die Bilder, die nicht nur sch\u00f6n sind, sondern dich auch im Herzen ber\u00fchren. Bilder, die du auch Jahre sp\u00e4ter noch gerne anschaust \u2013 weil sie dich zur\u00fcckbringen zu einem echten, kostbaren Moment.<\/p>\n\n\n\n<h1 class=\"wp-block-heading has-palette-color-1-color has-text-color has-link-color wp-elements-efe255780d94367bd4ded7cbb7e238ad\">lass uns gemeinsam Erinnerungen schaffen<\/h1>\n\n\n\n<p>Ich freue mich darauf, dich kennenzulernen \u2013 und deine ganz pers\u00f6nliche Geschichte in Bildern festzuhalten. <\/p>\n<\/div><\/div>\n\n\n\n<p>&nbsp;<\/p>\n\n\n\n<hr class=\"wp-block-separator has-alpha-channel-opacity\"\/>\n\n\n\n<p><strong><em>Lebenslauf:<\/em><\/strong><\/p>\n\n\n\n<p>1991 &nbsp; &gt; geboren in Kitzingen<\/p>\n\n\n\n<p>2008&nbsp; &gt; Mittlere Reife<\/p>\n\n\n\n<p>2010&nbsp; &gt; Fachabitur im Bereich Gestaltung<\/p>\n\n\n\n<p>2014&nbsp; &gt; abgeschlossene Ausbildung zur Mediengestalterin im Bereich Konzeption und Visualisierung<\/p>\n\n\n\n<p>2015&nbsp; &gt; Nebengewerbe Fotografie<\/p>\n\n\n\n<hr class=\"wp-block-separator has-alpha-channel-opacity\"\/>\n\n\n\n<p><strong><em>Meine Ausr\u00fcstung:<\/em><\/strong><\/p>\n\n\n\n<p>\u2013 Canon EOS 5D MK IV (<a href=\"https:\/\/amzn.to\/3ldsg0o\" target=\"_blank\" rel=\"noopener noreferrer\">Link zur Kamera<\/a>*)<br>\u2013 Canon EOS 5D MK III (&nbsp;<a href=\"https:\/\/www.amazon.de\/gp\/product\/B007KKKJYK\/ref=as_li_tl?ie=UTF8&amp;camp=1638&amp;creative=6742&amp;creativeASIN=B007KKKJYK&amp;linkCode=as2&amp;tag=vischischkhot-21&amp;linkId=33cb715f3b80cdbde4b58dc35ff06a6c\" target=\"_blank\" rel=\"noopener noreferrer\">Link zur Kamera*<\/a>&nbsp;)<br>\u2013 Canon 300mm f\/2.8 L USM<br>\u2013 Canon 135mm f\/2.0 L USM (&nbsp;<a href=\"https:\/\/www.amazon.de\/gp\/product\/B00007EE8H\/ref=as_li_tl?ie=UTF8&amp;camp=1638&amp;creative=6742&amp;creativeASIN=B00007EE8H&amp;linkCode=as2&amp;tag=vischischkhot-21&amp;linkId=636bc911cca02c7d1ebb800971206d70\" target=\"_blank\" rel=\"noopener noreferrer\">Link zum Objektiv*<\/a>&nbsp;)<br>\u2013 Canon 24\u201370mm f\/2.8 <br>\u2013 Sigma 28\u201370mm f\/2.8<\/p>\n\n\n\n<p><span style=\"color: #999999;\">*Die mit einem Sternchen gekennzeichneten Links sind Affiliate-Links. Das bedeutet: F\u00fcr dich eigentlich nichts, aber ich bekomme ein paar Cent als Provision, wenn \u00fcber diese Links etwas gekauft wird. Keine Sorge, ich empfehle euch hier nur Produkte, die ich auch selbst nutze oder sehr gut kenne und zu 100% weiterempfehlen kann! &lt;3&nbsp;<\/span><\/p>\n","protected":false},"excerpt":{"rendered":"<p>\u00fcber mich Hey Du, ich bin Yvi!Fotografin aus Leidenschaft, Jahrgang 1991, und gl\u00fccklich zuhause im sch\u00f6nen R\u00f6delsee in Unterfranken\/Bayern. meine Liebe zur Fotografie Meine Leidenschaft f\u00fcr die Fotografie begann fr\u00fch: Mit 15 Jahren hatte ich die Kamera praktisch st\u00e4ndig in der Hand \u2013 und ehrlich gesagt seitdem nie wieder weggelegt. Was mich an der Fotografie [&hellip;]<\/p>\n","protected":false},"author":1,"featured_media":0,"parent":0,"menu_order":0,"comment_status":"closed","ping_status":"closed","template":"","meta":{"footnotes":"","_links_to":"","_links_to_target":""},"class_list":["post-5","page","type-page","status-publish","hentry"],"blocksy_meta":{"styles_descriptor":{"styles":{"desktop":"","tablet":"","mobile":""},"google_fonts":[]}},"jetpack_sharing_enabled":true,"_links":{"self":[{"href":"http:\/\/yvi-tschischka.de\/index.php\/wp-json\/wp\/v2\/pages\/5","targetHints":{"allow":["GET"]}}],"collection":[{"href":"http:\/\/yvi-tschischka.de\/index.php\/wp-json\/wp\/v2\/pages"}],"about":[{"href":"http:\/\/yvi-tschischka.de\/index.php\/wp-json\/wp\/v2\/types\/page"}],"author":[{"embeddable":true,"href":"http:\/\/yvi-tschischka.de\/index.php\/wp-json\/wp\/v2\/users\/1"}],"replies":[{"embeddable":true,"href":"http:\/\/yvi-tschischka.de\/index.php\/wp-json\/wp\/v2\/comments?post=5"}],"version-history":[{"count":27,"href":"http:\/\/yvi-tschischka.de\/index.php\/wp-json\/wp\/v2\/pages\/5\/revisions"}],"predecessor-version":[{"id":3102,"href":"http:\/\/yvi-tschischka.de\/index.php\/wp-json\/wp\/v2\/pages\/5\/revisions\/3102"}],"wp:attachment":[{"href":"http:\/\/yvi-tschischka.de\/index.php\/wp-json\/wp\/v2\/media?parent=5"}],"curies":[{"name":"wp","href":"https:\/\/api.w.org\/{rel}","templated":true}]}}