{"id":2707,"date":"2024-08-17T10:28:04","date_gmt":"2024-08-17T08:28:04","guid":{"rendered":"https:\/\/yvi-tschischka.de\/?page_id=2707"},"modified":"2025-03-01T06:35:12","modified_gmt":"2025-03-01T05:35:12","slug":"2707-2","status":"publish","type":"page","link":"http:\/\/yvi-tschischka.de\/index.php\/2707-2\/","title":{"rendered":"After Wedding &amp; Verlobung"},"content":{"rendered":"\n<figure class=\"wp-block-image size-large is-resized\"><img loading=\"lazy\" decoding=\"async\" width=\"1024\" height=\"683\" src=\"https:\/\/yvi-tschischka.de\/wp-content\/uploads\/2024\/08\/IMG_3991-1024x683.jpg\" alt=\"\" class=\"wp-image-2708\" style=\"object-fit:contain;width:1290px;height:860px\" srcset=\"http:\/\/yvi-tschischka.de\/wp-content\/uploads\/2024\/08\/IMG_3991-1024x683.jpg 1024w, http:\/\/yvi-tschischka.de\/wp-content\/uploads\/2024\/08\/IMG_3991-scaled-600x400.jpg 600w, http:\/\/yvi-tschischka.de\/wp-content\/uploads\/2024\/08\/IMG_3991-300x200.jpg 300w, http:\/\/yvi-tschischka.de\/wp-content\/uploads\/2024\/08\/IMG_3991-768x512.jpg 768w, http:\/\/yvi-tschischka.de\/wp-content\/uploads\/2024\/08\/IMG_3991-1536x1024.jpg 1536w, http:\/\/yvi-tschischka.de\/wp-content\/uploads\/2024\/08\/IMG_3991-2048x1365.jpg 2048w, http:\/\/yvi-tschischka.de\/wp-content\/uploads\/2024\/08\/IMG_3991-90x60.jpg 90w, http:\/\/yvi-tschischka.de\/wp-content\/uploads\/2024\/08\/IMG_3991-135x90.jpg 135w\" sizes=\"auto, (max-width: 1024px) 100vw, 1024px\" \/><\/figure>\n\n\n\n<div class=\"wp-block-columns is-layout-flex wp-container-core-columns-is-layout-1 wp-block-columns-is-layout-flex\">\n<div class=\"wp-block-column is-layout-flow wp-block-column-is-layout-flow\" style=\"flex-basis:25%\">\n<figure class=\"wp-block-image size-large\"><img loading=\"lazy\" decoding=\"async\" width=\"683\" height=\"1024\" src=\"https:\/\/yvi-tschischka.de\/wp-content\/uploads\/2024\/08\/IMG_3818-683x1024.jpg\" alt=\"\" class=\"wp-image-2709\" srcset=\"http:\/\/yvi-tschischka.de\/wp-content\/uploads\/2024\/08\/IMG_3818-683x1024.jpg 683w, http:\/\/yvi-tschischka.de\/wp-content\/uploads\/2024\/08\/IMG_3818-scaled-600x900.jpg 600w, http:\/\/yvi-tschischka.de\/wp-content\/uploads\/2024\/08\/IMG_3818-200x300.jpg 200w, http:\/\/yvi-tschischka.de\/wp-content\/uploads\/2024\/08\/IMG_3818-768x1152.jpg 768w, http:\/\/yvi-tschischka.de\/wp-content\/uploads\/2024\/08\/IMG_3818-1024x1536.jpg 1024w, http:\/\/yvi-tschischka.de\/wp-content\/uploads\/2024\/08\/IMG_3818-1365x2048.jpg 1365w, http:\/\/yvi-tschischka.de\/wp-content\/uploads\/2024\/08\/IMG_3818-40x60.jpg 40w, http:\/\/yvi-tschischka.de\/wp-content\/uploads\/2024\/08\/IMG_3818-60x90.jpg 60w, http:\/\/yvi-tschischka.de\/wp-content\/uploads\/2024\/08\/IMG_3818-scaled.jpg 1707w\" sizes=\"auto, (max-width: 683px) 100vw, 683px\" \/><\/figure>\n\n\n\n<figure class=\"wp-block-image size-large\"><img loading=\"lazy\" decoding=\"async\" width=\"683\" height=\"1024\" src=\"https:\/\/yvi-tschischka.de\/wp-content\/uploads\/2024\/08\/IMG_4319-683x1024.jpg\" alt=\"\" class=\"wp-image-2717\" srcset=\"http:\/\/yvi-tschischka.de\/wp-content\/uploads\/2024\/08\/IMG_4319-683x1024.jpg 683w, http:\/\/yvi-tschischka.de\/wp-content\/uploads\/2024\/08\/IMG_4319-scaled-600x900.jpg 600w, http:\/\/yvi-tschischka.de\/wp-content\/uploads\/2024\/08\/IMG_4319-200x300.jpg 200w, http:\/\/yvi-tschischka.de\/wp-content\/uploads\/2024\/08\/IMG_4319-768x1152.jpg 768w, http:\/\/yvi-tschischka.de\/wp-content\/uploads\/2024\/08\/IMG_4319-1024x1536.jpg 1024w, http:\/\/yvi-tschischka.de\/wp-content\/uploads\/2024\/08\/IMG_4319-1365x2048.jpg 1365w, http:\/\/yvi-tschischka.de\/wp-content\/uploads\/2024\/08\/IMG_4319-40x60.jpg 40w, http:\/\/yvi-tschischka.de\/wp-content\/uploads\/2024\/08\/IMG_4319-60x90.jpg 60w, http:\/\/yvi-tschischka.de\/wp-content\/uploads\/2024\/08\/IMG_4319-scaled.jpg 1707w\" sizes=\"auto, (max-width: 683px) 100vw, 683px\" \/><\/figure>\n<\/div>\n\n\n\n<div class=\"wp-block-column has-background is-layout-flow wp-block-column-is-layout-flow\" style=\"background-color:#f3ebe2;flex-basis:50%\">\n<p class=\"has-text-align-center has-background has-large-font-size\" style=\"background-color:#f3ebe2\">After Wedding<\/p>\n\n\n\n<p class=\"has-text-align-center\">Ihr habt bereits geheiratet aber w\u00fcnscht euch nochmal ein stimmungsvolles After-Wedding-Shooting an der Location eurer Wahl, bei zauberhaftem Licht, ohne Stress, ganz entspannt einfach nochmal in euer wundervolles Hochzeits-Outfit schl\u00fcpfen? Genau DAS m\u00f6chte ich mit euch zusammen erleben.<\/p>\n\n\n\n<p class=\"has-text-align-center\">Oft ist an der Hochzeit selbst wenig Zeit f\u00fcr das Brautpaar-Shooting. Die G\u00e4ste warten, das Licht ist hart, weil das Zeitfenster meist zwischen Trauung und Kaffee &amp; Kuchen angesetzt ist. Und wenn es ganz &#8222;bl\u00f6d&#8220; l\u00e4uft war vielleicht auch noch das Wetter schlecht.<\/p>\n\n\n\n<p class=\"has-text-align-center\">Ich m\u00f6chte mit euch zus\u00e4tzlich zu eurem regul\u00e4ren Shooting an eurem Hochzeitstag noch einmal einzigartige Momente schaffen, bei denen alles so perfekt ist, wie ihr es euch vorstellt! Ganz entspannt, mit genug Zeit im Gep\u00e4ck und so traumhaft sch\u00f6n wie es nur sein kann.<\/p>\n\n\n\n<p class=\"has-text-align-center\">Also schl\u00fcpft nochmal in euer Outfit und genie\u00dft euer ganz pers\u00f6nliches <br>After-Wedding-Shooting mit mir.<\/p>\n\n\n\n<p class=\"has-text-align-center\">&#8230;&#8230;&#8230;&#8230;&#8230;&#8230;&#8230;..<\/p>\n\n\n\n<p class=\"has-text-align-center has-background\" style=\"background-color:#f3ebe2\"><mark style=\"background-color:rgba(0, 0, 0, 0)\" class=\"has-inline-color has-palette-color-2-color\">\u2022<strong>5 Bilder<\/strong>&nbsp;inklusive als Download in voller Aufl\u00f6sung<br>\u2022ausgew\u00e4hlte Bilder zus\u00e4tzlich f\u00fcr Web optimiert mit Logo<br>\u2022Online-Galerie zum bequemen und einfachen Ausw\u00e4hlen der Fotos<\/mark><\/p>\n\n\n\n<h2 class=\"wp-block-heading has-text-align-center\"><mark style=\"background-color:rgba(0, 0, 0, 0)\" class=\"has-inline-color has-palette-color-3-color\"><strong>259<\/strong>\u20ac<\/mark><\/h2>\n\n\n\n<p class=\"has-text-align-center\">&#8230;&#8230;&#8230;&#8230;&#8230;&#8230;&#8230;..<\/p>\n\n\n\n<p class=\"has-text-align-center has-background\" style=\"background-color:#f3ebe2\"><mark style=\"background-color:rgba(0, 0, 0, 0)\" class=\"has-inline-color has-palette-color-2-color\">\u2022<strong>10 Bilder<\/strong>&nbsp;inklusive als Download in voller Aufl\u00f6sung<br>\u2022ausgew\u00e4hlte Bilder zus\u00e4tzlich f\u00fcr Web optimiert mit Logo<br>\u2022Online-Galerie zum bequemen und einfachen Ausw\u00e4hlen der Fotos<\/mark><\/p>\n\n\n\n<h2 class=\"wp-block-heading has-text-align-center\"><mark style=\"background-color:rgba(0, 0, 0, 0)\" class=\"has-inline-color has-palette-color-3-color\"><strong>339<\/strong>\u20ac<\/mark><\/h2>\n<\/div>\n\n\n\n<div class=\"wp-block-column is-layout-flow wp-block-column-is-layout-flow\" style=\"flex-basis:25%\">\n<figure class=\"wp-block-image size-large\"><img loading=\"lazy\" decoding=\"async\" width=\"683\" height=\"1024\" src=\"https:\/\/yvi-tschischka.de\/wp-content\/uploads\/2024\/08\/IMG_3760-683x1024.jpg\" alt=\"\" class=\"wp-image-2710\" srcset=\"http:\/\/yvi-tschischka.de\/wp-content\/uploads\/2024\/08\/IMG_3760-683x1024.jpg 683w, http:\/\/yvi-tschischka.de\/wp-content\/uploads\/2024\/08\/IMG_3760-scaled-600x900.jpg 600w, http:\/\/yvi-tschischka.de\/wp-content\/uploads\/2024\/08\/IMG_3760-200x300.jpg 200w, http:\/\/yvi-tschischka.de\/wp-content\/uploads\/2024\/08\/IMG_3760-768x1152.jpg 768w, http:\/\/yvi-tschischka.de\/wp-content\/uploads\/2024\/08\/IMG_3760-1024x1536.jpg 1024w, http:\/\/yvi-tschischka.de\/wp-content\/uploads\/2024\/08\/IMG_3760-1365x2048.jpg 1365w, http:\/\/yvi-tschischka.de\/wp-content\/uploads\/2024\/08\/IMG_3760-40x60.jpg 40w, http:\/\/yvi-tschischka.de\/wp-content\/uploads\/2024\/08\/IMG_3760-60x90.jpg 60w, http:\/\/yvi-tschischka.de\/wp-content\/uploads\/2024\/08\/IMG_3760-scaled.jpg 1707w\" sizes=\"auto, (max-width: 683px) 100vw, 683px\" \/><\/figure>\n\n\n\n<figure class=\"wp-block-image size-large is-resized\"><img loading=\"lazy\" decoding=\"async\" width=\"683\" height=\"1024\" src=\"https:\/\/yvi-tschischka.de\/wp-content\/uploads\/2024\/08\/IMG_3749-683x1024.jpg\" alt=\"\" class=\"wp-image-2718\" style=\"width:317px;height:auto\" srcset=\"http:\/\/yvi-tschischka.de\/wp-content\/uploads\/2024\/08\/IMG_3749-683x1024.jpg 683w, http:\/\/yvi-tschischka.de\/wp-content\/uploads\/2024\/08\/IMG_3749-scaled-600x900.jpg 600w, http:\/\/yvi-tschischka.de\/wp-content\/uploads\/2024\/08\/IMG_3749-200x300.jpg 200w, http:\/\/yvi-tschischka.de\/wp-content\/uploads\/2024\/08\/IMG_3749-768x1152.jpg 768w, http:\/\/yvi-tschischka.de\/wp-content\/uploads\/2024\/08\/IMG_3749-1024x1536.jpg 1024w, http:\/\/yvi-tschischka.de\/wp-content\/uploads\/2024\/08\/IMG_3749-1365x2048.jpg 1365w, http:\/\/yvi-tschischka.de\/wp-content\/uploads\/2024\/08\/IMG_3749-40x60.jpg 40w, http:\/\/yvi-tschischka.de\/wp-content\/uploads\/2024\/08\/IMG_3749-60x90.jpg 60w, http:\/\/yvi-tschischka.de\/wp-content\/uploads\/2024\/08\/IMG_3749-scaled.jpg 1707w\" sizes=\"auto, (max-width: 683px) 100vw, 683px\" \/><\/figure>\n<\/div>\n<\/div>\n\n\n\n<div class=\"wp-block-columns is-layout-flex wp-container-core-columns-is-layout-2 wp-block-columns-is-layout-flex\">\n<div class=\"wp-block-column is-layout-flow wp-block-column-is-layout-flow\">\n<p class=\"has-text-align-center\">____<br>*jedes zus\u00e4tzlich bestellte Bild kostet 25\u20ac | ab 5 zus\u00e4tzlichen Bildern gilt ein Preis von 19\u20ac\/Bild |<br><strong><strong>ALLE<\/strong> <\/strong>Bilder aus der Auswahlgalerie grundoptimiert (Anpassung von Farbe &amp; Helligkeit\/Kontrast, ohne Retusche)<br>k\u00f6nnen zus\u00e4tzlich zum Grundpaket f\u00fcr 499\u20ac erworben werden.<br>15km um 97318 inkl. | jeder weitere km kostet 0,40\u20ac.<\/p>\n<\/div>\n<\/div>\n\n\n\n<figure class=\"wp-block-image size-large is-resized\"><img loading=\"lazy\" decoding=\"async\" width=\"1024\" height=\"1024\" src=\"https:\/\/yvi-tschischka.de\/wp-content\/uploads\/2025\/03\/IMG_0093-1024x1024.jpg\" alt=\"\" class=\"wp-image-2814\" style=\"object-fit:contain;width:1289px;height:auto\" srcset=\"http:\/\/yvi-tschischka.de\/wp-content\/uploads\/2025\/03\/IMG_0093-1024x1024.jpg 1024w, http:\/\/yvi-tschischka.de\/wp-content\/uploads\/2025\/03\/IMG_0093-300x300.jpg 300w, http:\/\/yvi-tschischka.de\/wp-content\/uploads\/2025\/03\/IMG_0093-150x150.jpg 150w, http:\/\/yvi-tschischka.de\/wp-content\/uploads\/2025\/03\/IMG_0093-768x768.jpg 768w, http:\/\/yvi-tschischka.de\/wp-content\/uploads\/2025\/03\/IMG_0093-1536x1536.jpg 1536w, http:\/\/yvi-tschischka.de\/wp-content\/uploads\/2025\/03\/IMG_0093-2048x2048.jpg 2048w, http:\/\/yvi-tschischka.de\/wp-content\/uploads\/2025\/03\/IMG_0093-600x600.jpg 600w, http:\/\/yvi-tschischka.de\/wp-content\/uploads\/2025\/03\/IMG_0093-100x100.jpg 100w, http:\/\/yvi-tschischka.de\/wp-content\/uploads\/2025\/03\/IMG_0093-60x60.jpg 60w, http:\/\/yvi-tschischka.de\/wp-content\/uploads\/2025\/03\/IMG_0093-90x90.jpg 90w\" sizes=\"auto, (max-width: 1024px) 100vw, 1024px\" \/><\/figure>\n\n\n\n<div class=\"wp-block-columns is-layout-flex wp-container-core-columns-is-layout-3 wp-block-columns-is-layout-flex\">\n<div class=\"wp-block-column is-layout-flow wp-block-column-is-layout-flow\" style=\"flex-basis:25%\">\n<figure class=\"wp-block-image size-large\"><img loading=\"lazy\" decoding=\"async\" width=\"1024\" height=\"683\" src=\"https:\/\/yvi-tschischka.de\/wp-content\/uploads\/2024\/08\/IMG_3308-1024x683.jpg\" alt=\"\" class=\"wp-image-2712\" srcset=\"http:\/\/yvi-tschischka.de\/wp-content\/uploads\/2024\/08\/IMG_3308-1024x683.jpg 1024w, http:\/\/yvi-tschischka.de\/wp-content\/uploads\/2024\/08\/IMG_3308-scaled-600x400.jpg 600w, http:\/\/yvi-tschischka.de\/wp-content\/uploads\/2024\/08\/IMG_3308-300x200.jpg 300w, http:\/\/yvi-tschischka.de\/wp-content\/uploads\/2024\/08\/IMG_3308-768x512.jpg 768w, http:\/\/yvi-tschischka.de\/wp-content\/uploads\/2024\/08\/IMG_3308-1536x1024.jpg 1536w, http:\/\/yvi-tschischka.de\/wp-content\/uploads\/2024\/08\/IMG_3308-2048x1365.jpg 2048w, http:\/\/yvi-tschischka.de\/wp-content\/uploads\/2024\/08\/IMG_3308-90x60.jpg 90w, http:\/\/yvi-tschischka.de\/wp-content\/uploads\/2024\/08\/IMG_3308-135x90.jpg 135w\" sizes=\"auto, (max-width: 1024px) 100vw, 1024px\" \/><\/figure>\n\n\n\n<figure class=\"wp-block-image size-large\"><img loading=\"lazy\" decoding=\"async\" width=\"1024\" height=\"680\" src=\"https:\/\/yvi-tschischka.de\/wp-content\/uploads\/2025\/03\/IMG_0318__-1024x680.jpg\" alt=\"\" class=\"wp-image-2817\" srcset=\"http:\/\/yvi-tschischka.de\/wp-content\/uploads\/2025\/03\/IMG_0318__-1024x680.jpg 1024w, http:\/\/yvi-tschischka.de\/wp-content\/uploads\/2025\/03\/IMG_0318__-300x199.jpg 300w, http:\/\/yvi-tschischka.de\/wp-content\/uploads\/2025\/03\/IMG_0318__-768x510.jpg 768w, http:\/\/yvi-tschischka.de\/wp-content\/uploads\/2025\/03\/IMG_0318__-1536x1021.jpg 1536w, http:\/\/yvi-tschischka.de\/wp-content\/uploads\/2025\/03\/IMG_0318__-2048x1361.jpg 2048w, http:\/\/yvi-tschischka.de\/wp-content\/uploads\/2025\/03\/IMG_0318__-600x399.jpg 600w, http:\/\/yvi-tschischka.de\/wp-content\/uploads\/2025\/03\/IMG_0318__-90x60.jpg 90w, http:\/\/yvi-tschischka.de\/wp-content\/uploads\/2025\/03\/IMG_0318__-135x90.jpg 135w\" sizes=\"auto, (max-width: 1024px) 100vw, 1024px\" \/><\/figure>\n<\/div>\n\n\n\n<div class=\"wp-block-column has-background is-layout-flow wp-block-column-is-layout-flow\" style=\"background-color:#f3ebe2;flex-basis:50%\">\n<p class=\"has-text-align-center has-background has-large-font-size\" style=\"background-color:#f3ebe2\">Verlobung &amp; After Wedding<\/p>\n\n\n\n<p class=\"has-text-align-center\">Ihr seid verlobt und die Hochzeits-Einladungskarten stehen als n\u00e4chstes auf eurer To-Do-Liste?<br>Lasst uns diese Bilder gemeinsam umsetzen \ud83d\ude42<\/p>\n\n\n\n<p class=\"has-text-align-center\">Bucht ihr zus\u00e4tzlich ein After-Wedding-Shooting bei mir, bekommt ihr auf das After-Wedding-Shooting Paket <strong>15<\/strong>% Rabatt.<\/p>\n\n\n\n<p class=\"has-text-align-center\">&#8230;&#8230;&#8230;&#8230;&#8230;&#8230;&#8230;..<\/p>\n\n\n\n<p class=\"has-text-align-center has-background\" style=\"background-color:#f3ebe2\"><mark style=\"background-color:rgba(0, 0, 0, 0)\" class=\"has-inline-color has-palette-color-2-color\">\u2022<strong>5 Bilder<\/strong>&nbsp;inklusive als Download in voller Aufl\u00f6sung<br>\u2022ausgew\u00e4hlte Bilder zus\u00e4tzlich f\u00fcr Web optimiert mit Logo<br>\u2022Online-Galerie zum bequemen und einfachen Ausw\u00e4hlen der Fotos<\/mark><\/p>\n\n\n\n<h2 class=\"wp-block-heading has-text-align-center\"><mark style=\"background-color:rgba(0, 0, 0, 0)\" class=\"has-inline-color has-palette-color-3-color\"><strong>199<\/strong>\u20ac<\/mark><\/h2>\n\n\n\n<p class=\"has-text-align-center\">&#8230;&#8230;&#8230;&#8230;&#8230;&#8230;&#8230;..<\/p>\n\n\n\n<p class=\"has-text-align-center has-background\" style=\"background-color:#f3ebe2\"><mark style=\"background-color:rgba(0, 0, 0, 0)\" class=\"has-inline-color has-palette-color-2-color\">\u2022<strong>10 Bilder<\/strong>&nbsp;inklusive als Download in voller Aufl\u00f6sung<br>\u2022ausgew\u00e4hlte Bilder zus\u00e4tzlich f\u00fcr Web optimiert mit Logo<br>\u2022Online-Galerie zum bequemen und einfachen Ausw\u00e4hlen der Fotos<\/mark><\/p>\n\n\n\n<h2 class=\"wp-block-heading has-text-align-center\"><mark style=\"background-color:rgba(0, 0, 0, 0)\" class=\"has-inline-color has-palette-color-3-color\"><strong>259<\/strong>\u20ac<\/mark><\/h2>\n<\/div>\n\n\n\n<div class=\"wp-block-column is-layout-flow wp-block-column-is-layout-flow\" style=\"flex-basis:25%\">\n<figure class=\"wp-block-image size-large\"><img loading=\"lazy\" decoding=\"async\" width=\"1024\" height=\"683\" src=\"https:\/\/yvi-tschischka.de\/wp-content\/uploads\/2024\/08\/IMG_3655-1-1024x683.jpg\" alt=\"\" class=\"wp-image-2713\" srcset=\"http:\/\/yvi-tschischka.de\/wp-content\/uploads\/2024\/08\/IMG_3655-1-1024x683.jpg 1024w, http:\/\/yvi-tschischka.de\/wp-content\/uploads\/2024\/08\/IMG_3655-1-scaled-600x400.jpg 600w, http:\/\/yvi-tschischka.de\/wp-content\/uploads\/2024\/08\/IMG_3655-1-300x200.jpg 300w, http:\/\/yvi-tschischka.de\/wp-content\/uploads\/2024\/08\/IMG_3655-1-768x512.jpg 768w, http:\/\/yvi-tschischka.de\/wp-content\/uploads\/2024\/08\/IMG_3655-1-1536x1024.jpg 1536w, http:\/\/yvi-tschischka.de\/wp-content\/uploads\/2024\/08\/IMG_3655-1-2048x1365.jpg 2048w, http:\/\/yvi-tschischka.de\/wp-content\/uploads\/2024\/08\/IMG_3655-1-90x60.jpg 90w, http:\/\/yvi-tschischka.de\/wp-content\/uploads\/2024\/08\/IMG_3655-1-135x90.jpg 135w\" sizes=\"auto, (max-width: 1024px) 100vw, 1024px\" \/><\/figure>\n\n\n\n<figure class=\"wp-block-image size-large\"><img loading=\"lazy\" decoding=\"async\" width=\"1024\" height=\"683\" src=\"https:\/\/yvi-tschischka.de\/wp-content\/uploads\/2025\/03\/IMG_9729-1024x683.jpg\" alt=\"\" class=\"wp-image-2816\" srcset=\"http:\/\/yvi-tschischka.de\/wp-content\/uploads\/2025\/03\/IMG_9729-1024x683.jpg 1024w, http:\/\/yvi-tschischka.de\/wp-content\/uploads\/2025\/03\/IMG_9729-300x200.jpg 300w, http:\/\/yvi-tschischka.de\/wp-content\/uploads\/2025\/03\/IMG_9729-768x512.jpg 768w, http:\/\/yvi-tschischka.de\/wp-content\/uploads\/2025\/03\/IMG_9729-1536x1024.jpg 1536w, http:\/\/yvi-tschischka.de\/wp-content\/uploads\/2025\/03\/IMG_9729-2048x1365.jpg 2048w, http:\/\/yvi-tschischka.de\/wp-content\/uploads\/2025\/03\/IMG_9729-600x400.jpg 600w, http:\/\/yvi-tschischka.de\/wp-content\/uploads\/2025\/03\/IMG_9729-90x60.jpg 90w, http:\/\/yvi-tschischka.de\/wp-content\/uploads\/2025\/03\/IMG_9729-135x90.jpg 135w\" sizes=\"auto, (max-width: 1024px) 100vw, 1024px\" \/><\/figure>\n<\/div>\n<\/div>\n\n\n\n<div class=\"wp-block-columns is-layout-flex wp-container-core-columns-is-layout-4 wp-block-columns-is-layout-flex\">\n<div class=\"wp-block-column is-layout-flow wp-block-column-is-layout-flow\">\n<p class=\"has-text-align-center\">____<br>*jedes zus\u00e4tzlich bestellte Bild kostet 25\u20ac | ab 5 zus\u00e4tzlichen Bildern gilt ein Preis von 19\u20ac\/Bild |<br><strong><strong>ALLE<\/strong> <\/strong>Bilder aus der Auswahlgalerie grundoptimiert (Anpassung von Farbe &amp; Helligkeit\/Kontrast, ohne Retusche)<br>k\u00f6nnen zus\u00e4tzlich zum Grundpaket f\u00fcr 499\u20ac erworben werden.<br>15km um 97318 inkl. | jeder weitere km kostet 0,40\u20ac.<\/p>\n<\/div>\n<\/div>\n\n\n\n<p><\/p>\n\n\n","protected":false},"excerpt":{"rendered":"<p>After Wedding Ihr habt bereits geheiratet aber w\u00fcnscht euch nochmal ein stimmungsvolles After-Wedding-Shooting an der Location eurer Wahl, bei zauberhaftem Licht, ohne Stress, ganz entspannt einfach nochmal in euer wundervolles Hochzeits-Outfit schl\u00fcpfen? Genau DAS m\u00f6chte ich mit euch zusammen erleben. Oft ist an der Hochzeit selbst wenig Zeit f\u00fcr das Brautpaar-Shooting. Die G\u00e4ste warten, das [&hellip;]<\/p>\n","protected":false},"author":1,"featured_media":0,"parent":0,"menu_order":0,"comment_status":"closed","ping_status":"closed","template":"","meta":{"footnotes":"","_links_to":"","_links_to_target":""},"class_list":["post-2707","page","type-page","status-publish","hentry"],"blocksy_meta":{"styles_descriptor":{"styles":{"desktop":"","tablet":"","mobile":""},"google_fonts":[]}},"jetpack_sharing_enabled":true,"_links":{"self":[{"href":"http:\/\/yvi-tschischka.de\/index.php\/wp-json\/wp\/v2\/pages\/2707","targetHints":{"allow":["GET"]}}],"collection":[{"href":"http:\/\/yvi-tschischka.de\/index.php\/wp-json\/wp\/v2\/pages"}],"about":[{"href":"http:\/\/yvi-tschischka.de\/index.php\/wp-json\/wp\/v2\/types\/page"}],"author":[{"embeddable":true,"href":"http:\/\/yvi-tschischka.de\/index.php\/wp-json\/wp\/v2\/users\/1"}],"replies":[{"embeddable":true,"href":"http:\/\/yvi-tschischka.de\/index.php\/wp-json\/wp\/v2\/comments?post=2707"}],"version-history":[{"count":9,"href":"http:\/\/yvi-tschischka.de\/index.php\/wp-json\/wp\/v2\/pages\/2707\/revisions"}],"predecessor-version":[{"id":2819,"href":"http:\/\/yvi-tschischka.de\/index.php\/wp-json\/wp\/v2\/pages\/2707\/revisions\/2819"}],"wp:attachment":[{"href":"http:\/\/yvi-tschischka.de\/index.php\/wp-json\/wp\/v2\/media?parent=2707"}],"curies":[{"name":"wp","href":"https:\/\/api.w.org\/{rel}","templated":true}]}}