{"id":2486,"date":"2023-02-12T08:08:30","date_gmt":"2023-02-12T07:08:30","guid":{"rendered":"https:\/\/yvi-tschischka.de\/?page_id=2486"},"modified":"2025-04-17T16:35:16","modified_gmt":"2025-04-17T14:35:16","slug":"b2b","status":"publish","type":"page","link":"http:\/\/yvi-tschischka.de\/index.php\/b2b\/","title":{"rendered":"B2B"},"content":{"rendered":"\n<figure class=\"wp-block-image size-large is-resized\"><img loading=\"lazy\" decoding=\"async\" width=\"1024\" height=\"683\" src=\"https:\/\/yvi-tschischka.de\/wp-content\/uploads\/2023\/02\/IMG_8313-1024x683.jpg\" alt=\"\" class=\"wp-image-2488\" style=\"width:1289px;height:860px\" srcset=\"http:\/\/yvi-tschischka.de\/wp-content\/uploads\/2023\/02\/IMG_8313-1024x683.jpg 1024w, http:\/\/yvi-tschischka.de\/wp-content\/uploads\/2023\/02\/IMG_8313-scaled-600x400.jpg 600w, http:\/\/yvi-tschischka.de\/wp-content\/uploads\/2023\/02\/IMG_8313-300x200.jpg 300w, http:\/\/yvi-tschischka.de\/wp-content\/uploads\/2023\/02\/IMG_8313-768x512.jpg 768w, http:\/\/yvi-tschischka.de\/wp-content\/uploads\/2023\/02\/IMG_8313-1536x1024.jpg 1536w, http:\/\/yvi-tschischka.de\/wp-content\/uploads\/2023\/02\/IMG_8313-2048x1365.jpg 2048w, http:\/\/yvi-tschischka.de\/wp-content\/uploads\/2023\/02\/IMG_8313-90x60.jpg 90w, http:\/\/yvi-tschischka.de\/wp-content\/uploads\/2023\/02\/IMG_8313-135x90.jpg 135w\" sizes=\"auto, (max-width: 1024px) 100vw, 1024px\" \/><\/figure>\n\n\n\n<div class=\"wp-block-columns is-layout-flex wp-container-core-columns-is-layout-1 wp-block-columns-is-layout-flex\">\n<div class=\"wp-block-column is-layout-flow wp-block-column-is-layout-flow\" style=\"flex-basis:25%\">\n<figure class=\"wp-block-image size-large\"><img loading=\"lazy\" decoding=\"async\" width=\"683\" height=\"1024\" src=\"https:\/\/yvi-tschischka.de\/wp-content\/uploads\/2023\/02\/IMG_8193-683x1024.jpg\" alt=\"\" class=\"wp-image-2490\" srcset=\"http:\/\/yvi-tschischka.de\/wp-content\/uploads\/2023\/02\/IMG_8193-683x1024.jpg 683w, http:\/\/yvi-tschischka.de\/wp-content\/uploads\/2023\/02\/IMG_8193-scaled-600x900.jpg 600w, http:\/\/yvi-tschischka.de\/wp-content\/uploads\/2023\/02\/IMG_8193-200x300.jpg 200w, http:\/\/yvi-tschischka.de\/wp-content\/uploads\/2023\/02\/IMG_8193-768x1152.jpg 768w, http:\/\/yvi-tschischka.de\/wp-content\/uploads\/2023\/02\/IMG_8193-1024x1536.jpg 1024w, http:\/\/yvi-tschischka.de\/wp-content\/uploads\/2023\/02\/IMG_8193-1365x2048.jpg 1365w, http:\/\/yvi-tschischka.de\/wp-content\/uploads\/2023\/02\/IMG_8193-40x60.jpg 40w, http:\/\/yvi-tschischka.de\/wp-content\/uploads\/2023\/02\/IMG_8193-60x90.jpg 60w, http:\/\/yvi-tschischka.de\/wp-content\/uploads\/2023\/02\/IMG_8193-scaled.jpg 1707w\" sizes=\"auto, (max-width: 683px) 100vw, 683px\" \/><\/figure>\n<\/div>\n\n\n\n<div class=\"wp-block-column has-border-color is-layout-flow wp-block-column-is-layout-flow\" style=\"border-color:#0000001f;border-style:solid;border-width:1px;border-radius:20px;padding-top:var(--wp--preset--spacing--70);padding-right:var(--wp--preset--spacing--70);padding-bottom:var(--wp--preset--spacing--70);padding-left:var(--wp--preset--spacing--70)\">\n<h2 class=\"wp-block-heading has-text-align-center has-black-color has-text-color has-link-color wp-elements-c402c9e71f74d95202530a4d63d6efd2\" style=\"margin-bottom:20px;font-size:clamp(16.293px, 1.018rem + ((1vw - 3.2px) * 0.68), 25px);\"><mark style=\"background-color:rgba(0, 0, 0, 0)\" class=\"has-inline-color has-palette-color-1-color\">Business-Portraits<\/mark><\/h2>\n\n\n\n<p class=\"has-text-align-center has-black-color has-text-color has-link-color has-xx-large-font-size wp-elements-f0c7fdf209412989c4faeff0bd58ba29\" style=\"margin-bottom:20px;font-style:normal;font-weight:800;line-height:1\"><img loading=\"lazy\" decoding=\"async\" width=\"150\" height=\"150\" class=\"wp-image-3055\" style=\"width: 150px;\" src=\"https:\/\/yvi-tschischka.de\/wp-content\/uploads\/2025\/04\/preis17.png\" alt=\"\" srcset=\"http:\/\/yvi-tschischka.de\/wp-content\/uploads\/2025\/04\/preis17.png 842w, http:\/\/yvi-tschischka.de\/wp-content\/uploads\/2025\/04\/preis17-300x300.png 300w, http:\/\/yvi-tschischka.de\/wp-content\/uploads\/2025\/04\/preis17-150x150.png 150w, http:\/\/yvi-tschischka.de\/wp-content\/uploads\/2025\/04\/preis17-768x768.png 768w, http:\/\/yvi-tschischka.de\/wp-content\/uploads\/2025\/04\/preis17-600x600.png 600w, http:\/\/yvi-tschischka.de\/wp-content\/uploads\/2025\/04\/preis17-100x100.png 100w\" sizes=\"auto, (max-width: 150px) 100vw, 150px\" \/><\/p>\n\n\n\n<h3 class=\"wp-block-heading has-text-align-center has-black-color has-text-color has-link-color wp-elements-ac14169115f26a38be4ce0c67b8dac45\"><mark style=\"background-color:rgba(0, 0, 0, 0)\" class=\"has-inline-color has-palette-color-2-color\">Preise auf Anfrage<\/mark><\/h3>\n\n\n\n<p class=\"has-text-align-center has-black-color has-text-color has-link-color wp-elements-b40d3df80d0f76b5a95297530c349267\"><mark style=\"background-color:rgba(0, 0, 0, 0)\" class=\"has-inline-color has-palette-color-2-color\">Dem Unternehmen ein Gesicht geben.<br>Wer steht eigentlich hinter einem Firmennamen? <\/mark><br><mark style=\"background-color:rgba(0, 0, 0, 0)\" class=\"has-inline-color has-palette-color-2-color\">Mit professionellen Fotos von der Gesch\u00e4ftsf\u00fchrung und den Mitarbeitern bekommen zuk\u00fcnftige Kunden einen pers\u00f6nlicheren Einblick ins Unternehmen. <br>Gerne erstelle ich ein unverbindliches Angebot f\u00fcr die besonderen und individuellen W\u00fcnsche im B2B Bereich.<\/mark><\/p>\n\n\n\n<div class=\"wp-block-buttons is-layout-flex wp-block-buttons-is-layout-flex\" style=\"margin-bottom:40px\">\n<div class=\"wp-block-button has-custom-width wp-block-button__width-100 has-custom-font-size\" style=\"font-size:clamp(14px, 0.875rem + ((1vw - 3.2px) * 0.313), 18px);font-style:normal;font-weight:600\"><a class=\"wp-block-button__link wp-element-button\" href=\"https:\/\/yvi-tschischka.de\/index.php\/kontakt\/\" style=\"border-radius:8px;padding-top:15px;padding-bottom:15px\">Anfragen<\/a><\/div>\n<\/div>\n\n\n\n<p class=\"has-text-align-center has-black-color has-text-color has-link-color wp-elements-0309f654ac0fc07b313c8dea2f83211c\"><mark style=\"background-color:rgba(0, 0, 0, 0)\" class=\"has-inline-color has-palette-color-1-color\">Hier zu sehen: Nadine Heidt von <a href=\"https:\/\/www.nadine-heidt.com\" data-type=\"link\" data-id=\"https:\/\/www.nadine-heidt.com\">https:\/\/www.nadine-heidt.com<\/a><\/mark><\/p>\n<\/div>\n\n\n\n<div class=\"wp-block-column is-layout-flow wp-block-column-is-layout-flow\" style=\"flex-basis:25%\">\n<figure class=\"wp-block-image size-large\"><img loading=\"lazy\" decoding=\"async\" width=\"683\" height=\"1024\" src=\"https:\/\/yvi-tschischka.de\/wp-content\/uploads\/2023\/02\/IMG_8136-683x1024.jpg\" alt=\"\" class=\"wp-image-2489\" srcset=\"http:\/\/yvi-tschischka.de\/wp-content\/uploads\/2023\/02\/IMG_8136-683x1024.jpg 683w, http:\/\/yvi-tschischka.de\/wp-content\/uploads\/2023\/02\/IMG_8136-scaled-600x900.jpg 600w, http:\/\/yvi-tschischka.de\/wp-content\/uploads\/2023\/02\/IMG_8136-200x300.jpg 200w, http:\/\/yvi-tschischka.de\/wp-content\/uploads\/2023\/02\/IMG_8136-768x1152.jpg 768w, http:\/\/yvi-tschischka.de\/wp-content\/uploads\/2023\/02\/IMG_8136-1024x1536.jpg 1024w, http:\/\/yvi-tschischka.de\/wp-content\/uploads\/2023\/02\/IMG_8136-1365x2048.jpg 1365w, http:\/\/yvi-tschischka.de\/wp-content\/uploads\/2023\/02\/IMG_8136-40x60.jpg 40w, http:\/\/yvi-tschischka.de\/wp-content\/uploads\/2023\/02\/IMG_8136-60x90.jpg 60w, http:\/\/yvi-tschischka.de\/wp-content\/uploads\/2023\/02\/IMG_8136-scaled.jpg 1707w\" sizes=\"auto, (max-width: 683px) 100vw, 683px\" \/><\/figure>\n<\/div>\n<\/div>\n\n\n\n<div class=\"wp-block-columns is-layout-flex wp-container-core-columns-is-layout-2 wp-block-columns-is-layout-flex\">\n<div class=\"wp-block-column is-layout-flow wp-block-column-is-layout-flow\">\n<p class=\"has-text-align-center\"><\/p>\n<\/div>\n<\/div>\n\n\n\n<div class=\"wp-block-columns is-layout-flex wp-container-core-columns-is-layout-3 wp-block-columns-is-layout-flex\">\n<div class=\"wp-block-column is-layout-flow wp-block-column-is-layout-flow\">\n<p class=\"has-text-align-center\">_<\/p>\n<\/div>\n<\/div>\n\n\n\n<p><\/p>\n","protected":false},"excerpt":{"rendered":"<p>Business-Portraits Preise auf Anfrage Dem Unternehmen ein Gesicht geben.Wer steht eigentlich hinter einem Firmennamen? Mit professionellen Fotos von der Gesch\u00e4ftsf\u00fchrung und den Mitarbeitern bekommen zuk\u00fcnftige Kunden einen pers\u00f6nlicheren Einblick ins Unternehmen. Gerne erstelle ich ein unverbindliches Angebot f\u00fcr die besonderen und individuellen W\u00fcnsche im B2B Bereich. Hier zu sehen: Nadine Heidt von https:\/\/www.nadine-heidt.com _<\/p>\n","protected":false},"author":1,"featured_media":0,"parent":0,"menu_order":0,"comment_status":"closed","ping_status":"closed","template":"","meta":{"footnotes":"","_links_to":"","_links_to_target":""},"class_list":["post-2486","page","type-page","status-publish","hentry"],"blocksy_meta":{"styles_descriptor":{"styles":{"desktop":"","tablet":"","mobile":""},"google_fonts":[]}},"jetpack_sharing_enabled":true,"_links":{"self":[{"href":"http:\/\/yvi-tschischka.de\/index.php\/wp-json\/wp\/v2\/pages\/2486","targetHints":{"allow":["GET"]}}],"collection":[{"href":"http:\/\/yvi-tschischka.de\/index.php\/wp-json\/wp\/v2\/pages"}],"about":[{"href":"http:\/\/yvi-tschischka.de\/index.php\/wp-json\/wp\/v2\/types\/page"}],"author":[{"embeddable":true,"href":"http:\/\/yvi-tschischka.de\/index.php\/wp-json\/wp\/v2\/users\/1"}],"replies":[{"embeddable":true,"href":"http:\/\/yvi-tschischka.de\/index.php\/wp-json\/wp\/v2\/comments?post=2486"}],"version-history":[{"count":3,"href":"http:\/\/yvi-tschischka.de\/index.php\/wp-json\/wp\/v2\/pages\/2486\/revisions"}],"predecessor-version":[{"id":3056,"href":"http:\/\/yvi-tschischka.de\/index.php\/wp-json\/wp\/v2\/pages\/2486\/revisions\/3056"}],"wp:attachment":[{"href":"http:\/\/yvi-tschischka.de\/index.php\/wp-json\/wp\/v2\/media?parent=2486"}],"curies":[{"name":"wp","href":"https:\/\/api.w.org\/{rel}","templated":true}]}}