{"id":12,"date":"2016-02-22T14:31:59","date_gmt":"2016-02-22T13:31:59","guid":{"rendered":"http:\/\/yvi-tschischka.de\/?page_id=12"},"modified":"2025-06-10T07:21:33","modified_gmt":"2025-06-10T05:21:33","slug":"preise","status":"publish","type":"page","link":"http:\/\/yvi-tschischka.de\/index.php\/info\/preise\/","title":{"rendered":"Tierfotografie"},"content":{"rendered":"\n<div class=\"wp-block-columns is-layout-flex wp-container-core-columns-is-layout-1 wp-block-columns-is-layout-flex\">\n<div class=\"wp-block-column is-layout-flow wp-block-column-is-layout-flow\" style=\"flex-basis:25%\"><\/div>\n\n\n\n<div class=\"wp-block-column is-layout-flow wp-block-column-is-layout-flow\" style=\"flex-basis:50%\"><\/div>\n\n\n\n<div class=\"wp-block-column is-layout-flow wp-block-column-is-layout-flow\" style=\"flex-basis:25%\"><\/div>\n<\/div>\n\n\n\n<p class=\"has-text-align-center\"><br><\/p>\n\n\n\n<div class=\"wp-block-columns is-layout-flex wp-container-core-columns-is-layout-2 wp-block-columns-is-layout-flex\">\n<div class=\"wp-block-column has-border-color is-layout-flow wp-block-column-is-layout-flow\" style=\"border-color:#0000001f;border-style:solid;border-width:1px;border-radius:20px;padding-top:var(--wp--preset--spacing--70);padding-right:var(--wp--preset--spacing--70);padding-bottom:var(--wp--preset--spacing--70);padding-left:var(--wp--preset--spacing--70)\">\n<h2 class=\"wp-block-heading has-text-align-center has-black-color has-text-color has-link-color wp-elements-74b519dc5fedd36945638002d097087b\" style=\"margin-bottom:20px;font-size:clamp(16.293px, 1.018rem + ((1vw - 3.2px) * 0.68), 25px);\"><mark style=\"background-color:rgba(0, 0, 0, 0)\" class=\"has-inline-color has-palette-color-1-color\">Pferd Basic<\/mark><\/h2>\n\n\n\n<p class=\"has-text-align-center has-black-color has-text-color has-link-color has-xx-large-font-size wp-elements-30eb55e7835e540d064078730dfa07eb\" style=\"margin-bottom:20px;font-style:normal;font-weight:800;line-height:1\"><img loading=\"lazy\" decoding=\"async\" width=\"150\" height=\"150\" class=\"wp-image-3029\" style=\"width: 150px;\" src=\"https:\/\/yvi-tschischka.de\/wp-content\/uploads\/2025\/04\/preis6.png\" alt=\"\" srcset=\"http:\/\/yvi-tschischka.de\/wp-content\/uploads\/2025\/04\/preis6.png 842w, http:\/\/yvi-tschischka.de\/wp-content\/uploads\/2025\/04\/preis6-300x300.png 300w, http:\/\/yvi-tschischka.de\/wp-content\/uploads\/2025\/04\/preis6-150x150.png 150w, http:\/\/yvi-tschischka.de\/wp-content\/uploads\/2025\/04\/preis6-768x768.png 768w, http:\/\/yvi-tschischka.de\/wp-content\/uploads\/2025\/04\/preis6-600x600.png 600w, http:\/\/yvi-tschischka.de\/wp-content\/uploads\/2025\/04\/preis6-100x100.png 100w\" sizes=\"auto, (max-width: 150px) 100vw, 150px\" \/><\/p>\n\n\n\n<h2 class=\"wp-block-heading has-text-align-center has-black-color has-text-color has-link-color wp-elements-6b1292485727f85bc8a4463c9ec3fd6e\"><mark style=\"background-color:rgba(0, 0, 0, 0)\" class=\"has-inline-color has-palette-color-2-color\">249\u20ac<\/mark><\/h2>\n\n\n\n<ul style=\"margin-bottom:50px\" class=\"wp-block-list has-black-color has-text-color has-link-color wp-elements-751b1fee83496b2ce7f5ea8b782760ab\">\n<li><strong><mark style=\"background-color:rgba(0, 0, 0, 0)\" class=\"has-inline-color has-palette-color-2-color\">5 Bilder <\/mark><\/strong>inkl. in High-End Bearbeitung<\/li>\n\n\n\n<li>ausgew\u00e4hlte Bilder zus\u00e4tzlich f\u00fcr Web optimiert mit Logo<\/li>\n\n\n\n<li>eigene Online-Galerie zum bequemen und einfachen Ausw\u00e4hlen der Fotos<br><\/li>\n<\/ul>\n\n\n\n<div class=\"wp-block-buttons alignwide is-layout-flex wp-block-buttons-is-layout-flex\" style=\"margin-bottom:40px\">\n<div class=\"wp-block-button has-custom-width wp-block-button__width-100 has-custom-font-size\" style=\"font-size:clamp(14px, 0.875rem + ((1vw - 3.2px) * 0.313), 18px);font-style:normal;font-weight:600\"><a class=\"wp-block-button__link wp-element-button\" href=\"https:\/\/yvi-tschischka.de\/index.php\/kontakt\/\" style=\"border-radius:8px;padding-top:15px;padding-bottom:15px\">Anfragen<\/a><\/div>\n<\/div>\n\n\n\n<p class=\"has-text-align-center has-black-color has-text-color has-link-color wp-elements-31ef8a46bf82daa30dab4b6adf99fd54\"><\/p>\n<\/div>\n\n\n\n<div class=\"wp-block-column has-border-color is-layout-flow wp-block-column-is-layout-flow\" style=\"border-color:#0000001f;border-style:solid;border-width:1px;border-radius:20px;padding-top:var(--wp--preset--spacing--70);padding-right:var(--wp--preset--spacing--70);padding-bottom:var(--wp--preset--spacing--70);padding-left:var(--wp--preset--spacing--70)\">\n<h2 class=\"wp-block-heading has-text-align-center has-black-color has-text-color has-link-color wp-elements-ff061f896bb9b8a4f9e4540fce97fdb8\" style=\"margin-bottom:20px;font-size:clamp(16.293px, 1.018rem + ((1vw - 3.2px) * 0.68), 25px);\"><mark style=\"background-color:rgba(0, 0, 0, 0)\" class=\"has-inline-color has-palette-color-1-color\">Pferd Pro<\/mark><\/h2>\n\n\n\n<p class=\"has-text-align-center has-black-color has-text-color has-link-color has-xx-large-font-size wp-elements-35ac7bf845ff68eff807ee0199bfd3e4\" style=\"margin-bottom:20px;font-style:normal;font-weight:800;line-height:1\"><img loading=\"lazy\" decoding=\"async\" width=\"150\" height=\"150\" class=\"wp-image-3028\" style=\"width: 150px;\" src=\"https:\/\/yvi-tschischka.de\/wp-content\/uploads\/2025\/04\/preis5.png\" alt=\"\" srcset=\"http:\/\/yvi-tschischka.de\/wp-content\/uploads\/2025\/04\/preis5.png 842w, http:\/\/yvi-tschischka.de\/wp-content\/uploads\/2025\/04\/preis5-300x300.png 300w, http:\/\/yvi-tschischka.de\/wp-content\/uploads\/2025\/04\/preis5-150x150.png 150w, http:\/\/yvi-tschischka.de\/wp-content\/uploads\/2025\/04\/preis5-768x768.png 768w, http:\/\/yvi-tschischka.de\/wp-content\/uploads\/2025\/04\/preis5-600x600.png 600w, http:\/\/yvi-tschischka.de\/wp-content\/uploads\/2025\/04\/preis5-100x100.png 100w\" sizes=\"auto, (max-width: 150px) 100vw, 150px\" \/><\/p>\n\n\n\n<h2 class=\"wp-block-heading has-text-align-center has-black-color has-text-color has-link-color wp-elements-c2a5cdd678ffc33ca26ef92606cabe93\"><mark style=\"background-color:rgba(0, 0, 0, 0)\" class=\"has-inline-color has-palette-color-2-color\">349\u20ac<\/mark><\/h2>\n\n\n\n<ul style=\"margin-bottom:50px\" class=\"wp-block-list has-black-color has-text-color has-link-color wp-elements-7ce51808163eeea3d80d8fa0adb0fcf3\">\n<li><strong><mark style=\"background-color:rgba(0, 0, 0, 0)\" class=\"has-inline-color has-palette-color-2-color\">10 Bilder <\/mark><\/strong>inkl. in High-End Bearbeitung<\/li>\n\n\n\n<li>ausgew\u00e4hlte Bilder zus\u00e4tzlich f\u00fcr Web optimiert mit Logo<\/li>\n\n\n\n<li>eigene Online-Galerie zum bequemen und einfachen Ausw\u00e4hlen der Fotos<br><\/li>\n<\/ul>\n\n\n\n<div class=\"wp-block-buttons is-layout-flex wp-block-buttons-is-layout-flex\" style=\"margin-bottom:40px\">\n<div class=\"wp-block-button has-custom-width wp-block-button__width-100 has-custom-font-size\" style=\"font-size:clamp(14px, 0.875rem + ((1vw - 3.2px) * 0.313), 18px);font-style:normal;font-weight:600\"><a class=\"wp-block-button__link wp-element-button\" href=\"https:\/\/yvi-tschischka.de\/index.php\/kontakt\/\" style=\"border-radius:8px;padding-top:15px;padding-bottom:15px\">Anfragen<\/a><\/div>\n<\/div>\n\n\n\n<p class=\"has-text-align-center has-black-color has-text-color has-link-color wp-elements-31ef8a46bf82daa30dab4b6adf99fd54\"><\/p>\n<\/div>\n<\/div>\n\n\n\n<p class=\"has-text-align-center\">*jedes zus\u00e4tzlich bestellte Bild kostet 29\u20ac | ab 5 zus\u00e4tzlichen Bildern gilt ein Preis von 23\u20ac\/Bild |<br><strong><strong>ALLE<\/strong> <\/strong>Bilder aus der Auswahlgalerie grundoptimiert (Anpassung von Farbe &amp; Helligkeit\/Kontrast, ohne Retusche)<br>k\u00f6nnen zus\u00e4tzlich zum Grundpaket f\u00fcr 499\u20ac erworben werden.<br>15km um 97318 inkl. | jeder weitere km kostet 0,40\u20ac.<\/p>\n\n\n\n<div class=\"wp-block-columns is-layout-flex wp-container-core-columns-is-layout-3 wp-block-columns-is-layout-flex\">\n<div class=\"wp-block-column has-border-color is-layout-flow wp-block-column-is-layout-flow\" style=\"border-color:#0000001f;border-style:solid;border-width:1px;border-radius:20px;padding-top:var(--wp--preset--spacing--70);padding-right:var(--wp--preset--spacing--70);padding-bottom:var(--wp--preset--spacing--70);padding-left:var(--wp--preset--spacing--70)\">\n<h2 class=\"wp-block-heading has-text-align-center has-black-color has-text-color has-link-color wp-elements-a095234a63612d5d7c25f976b828eb9a\" style=\"margin-bottom:20px;font-size:clamp(16.293px, 1.018rem + ((1vw - 3.2px) * 0.68), 25px);\"><mark style=\"background-color:rgba(0, 0, 0, 0)\" class=\"has-inline-color has-palette-color-1-color\">Hund Basic<\/mark><\/h2>\n\n\n\n<p class=\"has-text-align-center has-black-color has-text-color has-link-color has-xx-large-font-size wp-elements-850c31fe55f75baa9b9ecf50b706cafc\" style=\"margin-bottom:20px;font-style:normal;font-weight:800;line-height:1\"><img loading=\"lazy\" decoding=\"async\" width=\"150\" height=\"150\" class=\"wp-image-3031\" style=\"width: 150px;\" src=\"https:\/\/yvi-tschischka.de\/wp-content\/uploads\/2025\/04\/preis8.png\" alt=\"\" srcset=\"http:\/\/yvi-tschischka.de\/wp-content\/uploads\/2025\/04\/preis8.png 842w, http:\/\/yvi-tschischka.de\/wp-content\/uploads\/2025\/04\/preis8-300x300.png 300w, http:\/\/yvi-tschischka.de\/wp-content\/uploads\/2025\/04\/preis8-150x150.png 150w, http:\/\/yvi-tschischka.de\/wp-content\/uploads\/2025\/04\/preis8-768x768.png 768w, http:\/\/yvi-tschischka.de\/wp-content\/uploads\/2025\/04\/preis8-600x600.png 600w, http:\/\/yvi-tschischka.de\/wp-content\/uploads\/2025\/04\/preis8-100x100.png 100w\" sizes=\"auto, (max-width: 150px) 100vw, 150px\" \/><\/p>\n\n\n\n<h2 class=\"wp-block-heading has-text-align-center has-black-color has-text-color has-link-color wp-elements-6e9bbd3d3bcae94fb7f822fe52a2e3ee\"><mark style=\"background-color:rgba(0, 0, 0, 0)\" class=\"has-inline-color has-palette-color-2-color\">199\u20ac<\/mark><\/h2>\n\n\n\n<ul style=\"margin-bottom:50px\" class=\"wp-block-list has-black-color has-text-color has-link-color wp-elements-751b1fee83496b2ce7f5ea8b782760ab\">\n<li><strong><mark style=\"background-color:rgba(0, 0, 0, 0)\" class=\"has-inline-color has-palette-color-2-color\">5 Bilder <\/mark><\/strong>inkl. in High-End Bearbeitung<\/li>\n\n\n\n<li>ausgew\u00e4hlte Bilder zus\u00e4tzlich f\u00fcr Web optimiert mit Logo<\/li>\n\n\n\n<li>eigene Online-Galerie zum bequemen und einfachen Ausw\u00e4hlen der Fotos<br><\/li>\n<\/ul>\n\n\n\n<div class=\"wp-block-buttons alignwide is-layout-flex wp-block-buttons-is-layout-flex\" style=\"margin-bottom:40px\">\n<div class=\"wp-block-button has-custom-width wp-block-button__width-100 has-custom-font-size\" style=\"font-size:clamp(14px, 0.875rem + ((1vw - 3.2px) * 0.313), 18px);font-style:normal;font-weight:600\"><a class=\"wp-block-button__link wp-element-button\" href=\"https:\/\/yvi-tschischka.de\/index.php\/kontakt\/\" style=\"border-radius:8px;padding-top:15px;padding-bottom:15px\">Anfragen<\/a><\/div>\n<\/div>\n\n\n\n<p class=\"has-text-align-center has-black-color has-text-color has-link-color wp-elements-31ef8a46bf82daa30dab4b6adf99fd54\"><\/p>\n<\/div>\n\n\n\n<div class=\"wp-block-column has-border-color is-layout-flow wp-block-column-is-layout-flow\" style=\"border-color:#0000001f;border-style:solid;border-width:1px;border-radius:20px;padding-top:var(--wp--preset--spacing--70);padding-right:var(--wp--preset--spacing--70);padding-bottom:var(--wp--preset--spacing--70);padding-left:var(--wp--preset--spacing--70)\">\n<h2 class=\"wp-block-heading has-text-align-center has-black-color has-text-color has-link-color wp-elements-a87ff9b370b3560ae1c117620933b0af\" style=\"margin-bottom:20px;font-size:clamp(16.293px, 1.018rem + ((1vw - 3.2px) * 0.68), 25px);\"><mark style=\"background-color:rgba(0, 0, 0, 0)\" class=\"has-inline-color has-palette-color-1-color\">Hund Pro<\/mark><\/h2>\n\n\n\n<p class=\"has-text-align-center has-black-color has-text-color has-link-color has-xx-large-font-size wp-elements-f0b10f20325eb7db7a84e267bc8d2d25\" style=\"margin-bottom:20px;font-style:normal;font-weight:800;line-height:1\"><img loading=\"lazy\" decoding=\"async\" width=\"150\" height=\"150\" class=\"wp-image-3030\" style=\"width: 150px;\" src=\"https:\/\/yvi-tschischka.de\/wp-content\/uploads\/2025\/04\/preis7.png\" alt=\"\" srcset=\"http:\/\/yvi-tschischka.de\/wp-content\/uploads\/2025\/04\/preis7.png 842w, http:\/\/yvi-tschischka.de\/wp-content\/uploads\/2025\/04\/preis7-300x300.png 300w, http:\/\/yvi-tschischka.de\/wp-content\/uploads\/2025\/04\/preis7-150x150.png 150w, http:\/\/yvi-tschischka.de\/wp-content\/uploads\/2025\/04\/preis7-768x768.png 768w, http:\/\/yvi-tschischka.de\/wp-content\/uploads\/2025\/04\/preis7-600x600.png 600w, http:\/\/yvi-tschischka.de\/wp-content\/uploads\/2025\/04\/preis7-100x100.png 100w\" sizes=\"auto, (max-width: 150px) 100vw, 150px\" \/><\/p>\n\n\n\n<h2 class=\"wp-block-heading has-text-align-center has-black-color has-text-color has-link-color wp-elements-1ee2ce0fc8c742095cab612418e6f80d\"><mark style=\"background-color:rgba(0, 0, 0, 0)\" class=\"has-inline-color has-palette-color-2-color\">299\u20ac<\/mark><\/h2>\n\n\n\n<ul style=\"margin-bottom:50px\" class=\"wp-block-list has-black-color has-text-color has-link-color wp-elements-7ce51808163eeea3d80d8fa0adb0fcf3\">\n<li><strong><mark style=\"background-color:rgba(0, 0, 0, 0)\" class=\"has-inline-color has-palette-color-2-color\">10 Bilder <\/mark><\/strong>inkl. in High-End Bearbeitung<\/li>\n\n\n\n<li>ausgew\u00e4hlte Bilder zus\u00e4tzlich f\u00fcr Web optimiert mit Logo<\/li>\n\n\n\n<li>eigene Online-Galerie zum bequemen und einfachen Ausw\u00e4hlen der Fotos<br><\/li>\n<\/ul>\n\n\n\n<div class=\"wp-block-buttons is-layout-flex wp-block-buttons-is-layout-flex\" style=\"margin-bottom:40px\">\n<div class=\"wp-block-button has-custom-width wp-block-button__width-100 has-custom-font-size\" style=\"font-size:clamp(14px, 0.875rem + ((1vw - 3.2px) * 0.313), 18px);font-style:normal;font-weight:600\"><a class=\"wp-block-button__link wp-element-button\" href=\"https:\/\/yvi-tschischka.de\/index.php\/kontakt\/\" style=\"border-radius:8px;padding-top:15px;padding-bottom:15px\">Anfragen<\/a><\/div>\n<\/div>\n\n\n\n<p class=\"has-text-align-center has-black-color has-text-color has-link-color wp-elements-31ef8a46bf82daa30dab4b6adf99fd54\"><\/p>\n<\/div>\n<\/div>\n\n\n\n<p class=\"has-text-align-center\">*jedes zus\u00e4tzlich bestellte Bild kostet 29\u20ac | ab 5 zus\u00e4tzlichen Bildern gilt ein Preis von 23\u20ac\/Bild |<br><strong><strong>ALLE<\/strong> <\/strong>Bilder aus der Auswahlgalerie grundoptimiert (Anpassung von Farbe &amp; Helligkeit\/Kontrast, ohne Retusche)<br>k\u00f6nnen zus\u00e4tzlich zum Grundpaket f\u00fcr 499\u20ac erworben werden.<br>15km um 97318 inkl. | jeder weitere km kostet 0,40\u20ac.<\/p>\n\n\n\n<div class=\"wp-block-columns is-layout-flex wp-container-core-columns-is-layout-4 wp-block-columns-is-layout-flex\">\n<div class=\"wp-block-column is-layout-flow wp-block-column-is-layout-flow\"><\/div>\n<\/div>\n","protected":false},"excerpt":{"rendered":"<p>Pferd Basic 249\u20ac Pferd Pro 349\u20ac *jedes zus\u00e4tzlich bestellte Bild kostet 29\u20ac | ab 5 zus\u00e4tzlichen Bildern gilt ein Preis von 23\u20ac\/Bild |ALLE Bilder aus der Auswahlgalerie grundoptimiert (Anpassung von Farbe &amp; Helligkeit\/Kontrast, ohne Retusche)k\u00f6nnen zus\u00e4tzlich zum Grundpaket f\u00fcr 499\u20ac erworben werden.15km um 97318 inkl. | jeder weitere km kostet 0,40\u20ac. Hund Basic 199\u20ac Hund [&hellip;]<\/p>\n","protected":false},"author":1,"featured_media":0,"parent":8,"menu_order":0,"comment_status":"closed","ping_status":"closed","template":"","meta":{"footnotes":"","_links_to":"","_links_to_target":""},"class_list":["post-12","page","type-page","status-publish","hentry"],"blocksy_meta":{"styles_descriptor":{"styles":{"desktop":"","tablet":"","mobile":""},"google_fonts":[]}},"jetpack_sharing_enabled":true,"_links":{"self":[{"href":"http:\/\/yvi-tschischka.de\/index.php\/wp-json\/wp\/v2\/pages\/12","targetHints":{"allow":["GET"]}}],"collection":[{"href":"http:\/\/yvi-tschischka.de\/index.php\/wp-json\/wp\/v2\/pages"}],"about":[{"href":"http:\/\/yvi-tschischka.de\/index.php\/wp-json\/wp\/v2\/types\/page"}],"author":[{"embeddable":true,"href":"http:\/\/yvi-tschischka.de\/index.php\/wp-json\/wp\/v2\/users\/1"}],"replies":[{"embeddable":true,"href":"http:\/\/yvi-tschischka.de\/index.php\/wp-json\/wp\/v2\/comments?post=12"}],"version-history":[{"count":51,"href":"http:\/\/yvi-tschischka.de\/index.php\/wp-json\/wp\/v2\/pages\/12\/revisions"}],"predecessor-version":[{"id":3093,"href":"http:\/\/yvi-tschischka.de\/index.php\/wp-json\/wp\/v2\/pages\/12\/revisions\/3093"}],"up":[{"embeddable":true,"href":"http:\/\/yvi-tschischka.de\/index.php\/wp-json\/wp\/v2\/pages\/8"}],"wp:attachment":[{"href":"http:\/\/yvi-tschischka.de\/index.php\/wp-json\/wp\/v2\/media?parent=12"}],"curies":[{"name":"wp","href":"https:\/\/api.w.org\/{rel}","templated":true}]}}